{"id":250,"date":"2017-10-28T14:03:07","date_gmt":"2017-10-28T14:03:07","guid":{"rendered":"http:\/\/tourpress-min.inspirydemos.com\/?page_id=250"},"modified":"2026-05-10T17:10:40","modified_gmt":"2026-05-10T17:10:40","slug":"que-visitar","status":"publish","type":"page","link":"https:\/\/pantalla.ar\/turismo\/que-visitar\/","title":{"rendered":"\u00bfQu\u00e9 visitar?"},"content":{"rendered":"\n<!-- travel destinations -->\n<section class=\"full-section no-bottom-padding\" style=\"padding: 0 !important;\">\n\t<div class=\"container-fluid\">\n\t\t<div class=\"row\" style=\"margin: auto !important;\">\n\n\t\t\t\n\t\t\t\n\t\t\t<div class=\"corrientes-slider-wrap\">\n\n\t\t\t\t<div class=\"corrientes-viewport\" id=\"corrientes-vp\">\n\t\t\t\t\t<div class=\"corrientes-track\" id=\"corrientes-tr\">\n\n\t\t\t\t\t\t\n\t\t\t\t\t\t<div class=\"corrientes-card-wrap\">\n\n\t\t\t\t\t\t\t<span class=\"corrientes-rank-num\">1<\/span>\n\n\t\t\t\t\t\t\t<div class=\"corrientes-card corrientes-card-bg \" style=\"background-image: url('https:\/\/pantalla.ar\/turismo\/wp-content\/uploads\/2026\/03\/DSC_0742-720x560.jpg');\">\n\n\t\t\t\t\t\t\t\t<a href=\"https:\/\/pantalla.ar\/turismo\/destinos\/bella-vista\/\" class=\"corrientes-card-overlay\">\n\t\t\t\t\t\t\t\t\t<p class=\"corrientes-card-title\">Bella Vista<\/p>\n\t\t\t\t\t\t\t\t<\/a>\n\n\t\t\t\t\t\t\t<\/div>\n\n\t\t\t\t\t\t<\/div>\n\n\t\t\t\t\t\t\n\t\t\t\t\t\t<div class=\"corrientes-card-wrap\">\n\n\t\t\t\t\t\t\t<span class=\"corrientes-rank-num\">2<\/span>\n\n\t\t\t\t\t\t\t<div class=\"corrientes-card corrientes-card-bg \" style=\"background-image: url('https:\/\/pantalla.ar\/turismo\/wp-content\/uploads\/2026\/03\/pellegrini-720x560.jpg');\">\n\n\t\t\t\t\t\t\t\t<a href=\"https:\/\/pantalla.ar\/turismo\/destinos\/carlos-pellegrini\/\" class=\"corrientes-card-overlay\">\n\t\t\t\t\t\t\t\t\t<p class=\"corrientes-card-title\">Carlos Pellegrini<\/p>\n\t\t\t\t\t\t\t\t<\/a>\n\n\t\t\t\t\t\t\t<\/div>\n\n\t\t\t\t\t\t<\/div>\n\n\t\t\t\t\t\t\n\t\t\t\t\t\t<div class=\"corrientes-card-wrap\">\n\n\t\t\t\t\t\t\t<span class=\"corrientes-rank-num\">3<\/span>\n\n\t\t\t\t\t\t\t<div class=\"corrientes-card corrientes-card-bg \" style=\"background-image: url('https:\/\/pantalla.ar\/turismo\/wp-content\/uploads\/2026\/04\/chavarria-720x560.jpg');\">\n\n\t\t\t\t\t\t\t\t<a href=\"https:\/\/pantalla.ar\/turismo\/destinos\/chavarria\/\" class=\"corrientes-card-overlay\">\n\t\t\t\t\t\t\t\t\t<p class=\"corrientes-card-title\">Chavarr\u00eda<\/p>\n\t\t\t\t\t\t\t\t<\/a>\n\n\t\t\t\t\t\t\t<\/div>\n\n\t\t\t\t\t\t<\/div>\n\n\t\t\t\t\t\t\n\t\t\t\t\t\t<div class=\"corrientes-card-wrap\">\n\n\t\t\t\t\t\t\t<span class=\"corrientes-rank-num\">4<\/span>\n\n\t\t\t\t\t\t\t<div class=\"corrientes-card corrientes-card-bg \" style=\"background-image: url('https:\/\/pantalla.ar\/turismo\/wp-content\/uploads\/2026\/03\/Concep-720x560.jpg');\">\n\n\t\t\t\t\t\t\t\t<a href=\"https:\/\/pantalla.ar\/turismo\/destinos\/concepcion-del-yaguarete-cora\/\" class=\"corrientes-card-overlay\">\n\t\t\t\t\t\t\t\t\t<p class=\"corrientes-card-title\">Concepci\u00f3n del Yaguaret\u00e9 Cor\u00e1<\/p>\n\t\t\t\t\t\t\t\t<\/a>\n\n\t\t\t\t\t\t\t<\/div>\n\n\t\t\t\t\t\t<\/div>\n\n\t\t\t\t\t\t\n\t\t\t\t\t\t<div class=\"corrientes-card-wrap\">\n\n\t\t\t\t\t\t\t<span class=\"corrientes-rank-num\">5<\/span>\n\n\t\t\t\t\t\t\t<div class=\"corrientes-card corrientes-card-bg \" style=\"background-image: url('https:\/\/pantalla.ar\/turismo\/wp-content\/uploads\/2026\/01\/sol-y-playa-720x560.jpg');\">\n\n\t\t\t\t\t\t\t\t<a href=\"https:\/\/pantalla.ar\/turismo\/destinos\/corrientes-capital\/\" class=\"corrientes-card-overlay\">\n\t\t\t\t\t\t\t\t\t<p class=\"corrientes-card-title\">Corrientes Capital<\/p>\n\t\t\t\t\t\t\t\t<\/a>\n\n\t\t\t\t\t\t\t<\/div>\n\n\t\t\t\t\t\t<\/div>\n\n\t\t\t\t\t\t\n\t\t\t\t\t\t<div class=\"corrientes-card-wrap\">\n\n\t\t\t\t\t\t\t<span class=\"corrientes-rank-num\">6<\/span>\n\n\t\t\t\t\t\t\t<div class=\"corrientes-card corrientes-card-bg \" style=\"background-image: url('https:\/\/pantalla.ar\/turismo\/wp-content\/uploads\/2026\/03\/image-51.png');\">\n\n\t\t\t\t\t\t\t\t<a href=\"https:\/\/pantalla.ar\/turismo\/destinos\/empedrado\/\" class=\"corrientes-card-overlay\">\n\t\t\t\t\t\t\t\t\t<p class=\"corrientes-card-title\">Empedrado<\/p>\n\t\t\t\t\t\t\t\t<\/a>\n\n\t\t\t\t\t\t\t<\/div>\n\n\t\t\t\t\t\t<\/div>\n\n\t\t\t\t\t\t\n\t\t\t\t\t\t<div class=\"corrientes-card-wrap\">\n\n\t\t\t\t\t\t\t<span class=\"corrientes-rank-num\">7<\/span>\n\n\t\t\t\t\t\t\t<div class=\"corrientes-card corrientes-card-bg \" style=\"background-image: url('https:\/\/pantalla.ar\/turismo\/wp-content\/uploads\/2026\/03\/RURAL-ESQUINA-720x560.jpg');\">\n\n\t\t\t\t\t\t\t\t<a href=\"https:\/\/pantalla.ar\/turismo\/destinos\/esquina\/\" class=\"corrientes-card-overlay\">\n\t\t\t\t\t\t\t\t\t<p class=\"corrientes-card-title\">Esquina<\/p>\n\t\t\t\t\t\t\t\t<\/a>\n\n\t\t\t\t\t\t\t<\/div>\n\n\t\t\t\t\t\t<\/div>\n\n\t\t\t\t\t\t\n\t\t\t\t\t\t<div class=\"corrientes-card-wrap\">\n\n\t\t\t\t\t\t\t<span class=\"corrientes-rank-num\">8<\/span>\n\n\t\t\t\t\t\t\t<div class=\"corrientes-card corrientes-card-bg \" style=\"background-image: url('https:\/\/pantalla.ar\/turismo\/wp-content\/uploads\/2026\/03\/image-47-720x560.png');\">\n\n\t\t\t\t\t\t\t\t<a href=\"https:\/\/pantalla.ar\/turismo\/destinos\/goya\/\" class=\"corrientes-card-overlay\">\n\t\t\t\t\t\t\t\t\t<p class=\"corrientes-card-title\">Goya<\/p>\n\t\t\t\t\t\t\t\t<\/a>\n\n\t\t\t\t\t\t\t<\/div>\n\n\t\t\t\t\t\t<\/div>\n\n\t\t\t\t\t\t\n\t\t\t\t\t\t<div class=\"corrientes-card-wrap\">\n\n\t\t\t\t\t\t\t<span class=\"corrientes-rank-num\">9<\/span>\n\n\t\t\t\t\t\t\t<div class=\"corrientes-card corrientes-card-bg \" style=\"background-image: url('https:\/\/pantalla.ar\/turismo\/wp-content\/uploads\/2026\/03\/itati2-720x560.jpg');\">\n\n\t\t\t\t\t\t\t\t<a href=\"https:\/\/pantalla.ar\/turismo\/destinos\/itati\/\" class=\"corrientes-card-overlay\">\n\t\t\t\t\t\t\t\t\t<p class=\"corrientes-card-title\">Itat\u00ed<\/p>\n\t\t\t\t\t\t\t\t<\/a>\n\n\t\t\t\t\t\t\t<\/div>\n\n\t\t\t\t\t\t<\/div>\n\n\t\t\t\t\t\t\n\t\t\t\t\t\t<div class=\"corrientes-card-wrap\">\n\n\t\t\t\t\t\t\t<span class=\"corrientes-rank-num\">10<\/span>\n\n\t\t\t\t\t\t\t<div class=\"corrientes-card corrientes-card-bg \" style=\"background-image: url('https:\/\/pantalla.ar\/turismo\/wp-content\/uploads\/2026\/04\/ituzaingo-720x560.jpg');\">\n\n\t\t\t\t\t\t\t\t<a href=\"https:\/\/pantalla.ar\/turismo\/destinos\/ituzaingo\/\" class=\"corrientes-card-overlay\">\n\t\t\t\t\t\t\t\t\t<p class=\"corrientes-card-title\">Ituzaing\u00f3<\/p>\n\t\t\t\t\t\t\t\t<\/a>\n\n\t\t\t\t\t\t\t<\/div>\n\n\t\t\t\t\t\t<\/div>\n\n\t\t\t\t\t\t\n\t\t\t\t\t\t<div class=\"corrientes-card-wrap\">\n\n\t\t\t\t\t\t\t<span class=\"corrientes-rank-num\">11<\/span>\n\n\t\t\t\t\t\t\t<div class=\"corrientes-card corrientes-card-bg \" style=\"background-image: url('https:\/\/pantalla.ar\/turismo\/wp-content\/uploads\/2026\/03\/image-32-720x560.png');\">\n\n\t\t\t\t\t\t\t\t<a href=\"https:\/\/pantalla.ar\/turismo\/destinos\/la-cruz\/\" class=\"corrientes-card-overlay\">\n\t\t\t\t\t\t\t\t\t<p class=\"corrientes-card-title\">La Cruz<\/p>\n\t\t\t\t\t\t\t\t<\/a>\n\n\t\t\t\t\t\t\t<\/div>\n\n\t\t\t\t\t\t<\/div>\n\n\t\t\t\t\t\t\n\t\t\t\t\t\t<div class=\"corrientes-card-wrap\">\n\n\t\t\t\t\t\t\t<span class=\"corrientes-rank-num\">12<\/span>\n\n\t\t\t\t\t\t\t<div class=\"corrientes-card corrientes-card-bg \" style=\"background-image: url('https:\/\/pantalla.ar\/turismo\/wp-content\/uploads\/2026\/01\/loreto-720x560.jpeg');\">\n\n\t\t\t\t\t\t\t\t<a href=\"https:\/\/pantalla.ar\/turismo\/destinos\/loreto\/\" class=\"corrientes-card-overlay\">\n\t\t\t\t\t\t\t\t\t<p class=\"corrientes-card-title\">Loreto<\/p>\n\t\t\t\t\t\t\t\t<\/a>\n\n\t\t\t\t\t\t\t<\/div>\n\n\t\t\t\t\t\t<\/div>\n\n\t\t\t\t\t\t\n\t\t\t\t\t\t<div class=\"corrientes-card-wrap\">\n\n\t\t\t\t\t\t\t<span class=\"corrientes-rank-num\">13<\/span>\n\n\t\t\t\t\t\t\t<div class=\"corrientes-card corrientes-card-bg \" style=\"background-image: url('https:\/\/pantalla.ar\/turismo\/wp-content\/uploads\/2026\/03\/image-39.png');\">\n\n\t\t\t\t\t\t\t\t<a href=\"https:\/\/pantalla.ar\/turismo\/destinos\/mburucuya\/\" class=\"corrientes-card-overlay\">\n\t\t\t\t\t\t\t\t\t<p class=\"corrientes-card-title\">Mburucuy\u00e1<\/p>\n\t\t\t\t\t\t\t\t<\/a>\n\n\t\t\t\t\t\t\t<\/div>\n\n\t\t\t\t\t\t<\/div>\n\n\t\t\t\t\t\t\n\t\t\t\t\t\t<div class=\"corrientes-card-wrap\">\n\n\t\t\t\t\t\t\t<span class=\"corrientes-rank-num\">14<\/span>\n\n\t\t\t\t\t\t\t<div class=\"corrientes-card corrientes-card-bg \" style=\"background-image: url('https:\/\/pantalla.ar\/turismo\/wp-content\/uploads\/2026\/03\/image-27-720x560.png');\">\n\n\t\t\t\t\t\t\t\t<a href=\"https:\/\/pantalla.ar\/turismo\/destinos\/mercedes\/\" class=\"corrientes-card-overlay\">\n\t\t\t\t\t\t\t\t\t<p class=\"corrientes-card-title\">Mercedes<\/p>\n\t\t\t\t\t\t\t\t<\/a>\n\n\t\t\t\t\t\t\t<\/div>\n\n\t\t\t\t\t\t<\/div>\n\n\t\t\t\t\t\t\n\t\t\t\t\t\t<div class=\"corrientes-card-wrap\">\n\n\t\t\t\t\t\t\t<span class=\"corrientes-rank-num\">15<\/span>\n\n\t\t\t\t\t\t\t<div class=\"corrientes-card corrientes-card-bg \" style=\"background-image: url('https:\/\/pantalla.ar\/turismo\/wp-content\/uploads\/2026\/03\/image-49-720x560.png');\">\n\n\t\t\t\t\t\t\t\t<a href=\"https:\/\/pantalla.ar\/turismo\/destinos\/paso-de-la-patria\/\" class=\"corrientes-card-overlay\">\n\t\t\t\t\t\t\t\t\t<p class=\"corrientes-card-title\">Paso de la Patria<\/p>\n\t\t\t\t\t\t\t\t<\/a>\n\n\t\t\t\t\t\t\t<\/div>\n\n\t\t\t\t\t\t<\/div>\n\n\t\t\t\t\t\t\n\t\t\t\t\t\t<div class=\"corrientes-card-wrap\">\n\n\t\t\t\t\t\t\t<span class=\"corrientes-rank-num\">16<\/span>\n\n\t\t\t\t\t\t\t<div class=\"corrientes-card corrientes-card-bg \" style=\"background-image: url('https:\/\/pantalla.ar\/turismo\/wp-content\/uploads\/2026\/03\/WAG_0227-720x560.jpg');\">\n\n\t\t\t\t\t\t\t\t<a href=\"https:\/\/pantalla.ar\/turismo\/destinos\/san-martin\/\" class=\"corrientes-card-overlay\">\n\t\t\t\t\t\t\t\t\t<p class=\"corrientes-card-title\">San Mart\u00edn<\/p>\n\t\t\t\t\t\t\t\t<\/a>\n\n\t\t\t\t\t\t\t<\/div>\n\n\t\t\t\t\t\t<\/div>\n\n\t\t\t\t\t\t\n\t\t\t\t\t\t<div class=\"corrientes-card-wrap\">\n\n\t\t\t\t\t\t\t<span class=\"corrientes-rank-num\">17<\/span>\n\n\t\t\t\t\t\t\t<div class=\"corrientes-card corrientes-card-bg \" style=\"background-image: url('https:\/\/pantalla.ar\/turismo\/wp-content\/uploads\/2026\/03\/image-38-720x560.png');\">\n\n\t\t\t\t\t\t\t\t<a href=\"https:\/\/pantalla.ar\/turismo\/destinos\/san-miguel\/\" class=\"corrientes-card-overlay\">\n\t\t\t\t\t\t\t\t\t<p class=\"corrientes-card-title\">San Miguel<\/p>\n\t\t\t\t\t\t\t\t<\/a>\n\n\t\t\t\t\t\t\t<\/div>\n\n\t\t\t\t\t\t<\/div>\n\n\t\t\t\t\t\t\n\t\t\t\t\t\t<div class=\"corrientes-card-wrap\">\n\n\t\t\t\t\t\t\t<span class=\"corrientes-rank-num\">18<\/span>\n\n\t\t\t\t\t\t\t<div class=\"corrientes-card corrientes-card-bg \" style=\"background-image: url('https:\/\/pantalla.ar\/turismo\/wp-content\/uploads\/2026\/03\/image-103-720x560.png');\">\n\n\t\t\t\t\t\t\t\t<a href=\"https:\/\/pantalla.ar\/turismo\/destinos\/santa-ana-de-los-guacaras\/\" class=\"corrientes-card-overlay\">\n\t\t\t\t\t\t\t\t\t<p class=\"corrientes-card-title\">Santa Ana de los Gu\u00e1caras<\/p>\n\t\t\t\t\t\t\t\t<\/a>\n\n\t\t\t\t\t\t\t<\/div>\n\n\t\t\t\t\t\t<\/div>\n\n\t\t\t\t\t\t\n\t\t\t\t\t\t<div class=\"corrientes-card-wrap\">\n\n\t\t\t\t\t\t\t<span class=\"corrientes-rank-num\">19<\/span>\n\n\t\t\t\t\t\t\t<div class=\"corrientes-card corrientes-card-bg \" style=\"background-image: url('https:\/\/pantalla.ar\/turismo\/wp-content\/uploads\/2026\/03\/image-54-720x552.png');\">\n\n\t\t\t\t\t\t\t\t<a href=\"https:\/\/pantalla.ar\/turismo\/destinos\/santa-lucia\/\" class=\"corrientes-card-overlay\">\n\t\t\t\t\t\t\t\t\t<p class=\"corrientes-card-title\">Santa Luc\u00eda<\/p>\n\t\t\t\t\t\t\t\t<\/a>\n\n\t\t\t\t\t\t\t<\/div>\n\n\t\t\t\t\t\t<\/div>\n\n\t\t\t\t\t\t\n\t\t\t\t\t\t<div class=\"corrientes-card-wrap\">\n\n\t\t\t\t\t\t\t<span class=\"corrientes-rank-num\">20<\/span>\n\n\t\t\t\t\t\t\t<div class=\"corrientes-card corrientes-card-bg \" style=\"background-image: url('https:\/\/pantalla.ar\/turismo\/wp-content\/uploads\/2026\/03\/image-37-720x540.png');\">\n\n\t\t\t\t\t\t\t\t<a href=\"https:\/\/pantalla.ar\/turismo\/destinos\/santo-tome\/\" class=\"corrientes-card-overlay\">\n\t\t\t\t\t\t\t\t\t<p class=\"corrientes-card-title\">Santo Tom\u00e9<\/p>\n\t\t\t\t\t\t\t\t<\/a>\n\n\t\t\t\t\t\t\t<\/div>\n\n\t\t\t\t\t\t<\/div>\n\n\t\t\t\t\t\t\n\t\t\t\t\t\t<div class=\"corrientes-card-wrap\">\n\n\t\t\t\t\t\t\t<span class=\"corrientes-rank-num\">21<\/span>\n\n\t\t\t\t\t\t\t<div class=\"corrientes-card corrientes-card-bg \" style=\"background-image: url('https:\/\/pantalla.ar\/turismo\/wp-content\/uploads\/2026\/03\/image-55-720x560.png');\">\n\n\t\t\t\t\t\t\t\t<a href=\"https:\/\/pantalla.ar\/turismo\/destinos\/virasoro\/\" class=\"corrientes-card-overlay\">\n\t\t\t\t\t\t\t\t\t<p class=\"corrientes-card-title\">Virasoro<\/p>\n\t\t\t\t\t\t\t\t<\/a>\n\n\t\t\t\t\t\t\t<\/div>\n\n\t\t\t\t\t\t<\/div>\n\n\t\t\t\t\t\t\n\t\t\t\t\t\t<div class=\"corrientes-card-wrap\">\n\n\t\t\t\t\t\t\t<span class=\"corrientes-rank-num\">22<\/span>\n\n\t\t\t\t\t\t\t<div class=\"corrientes-card corrientes-card-bg \" style=\"background-image: url('https:\/\/pantalla.ar\/turismo\/wp-content\/uploads\/2026\/03\/image-65-720x560.png');\">\n\n\t\t\t\t\t\t\t\t<a href=\"https:\/\/pantalla.ar\/turismo\/destinos\/yapeyu\/\" class=\"corrientes-card-overlay\">\n\t\t\t\t\t\t\t\t\t<p class=\"corrientes-card-title\">Yapey\u00fa<\/p>\n\t\t\t\t\t\t\t\t<\/a>\n\n\t\t\t\t\t\t\t<\/div>\n\n\t\t\t\t\t\t<\/div>\n\n\t\t\t\t\t\t\n\t\t\t\t\t<\/div>\n\t\t\t\t<\/div>\n\n\t\t\t\t<div class=\"corrientes-progress-bar\">\n\t\t\t\t\t<div class=\"corrientes-progress-fill\" id=\"corrientes-prog\"><\/div>\n\t\t\t\t<\/div>\n\n\t\t\t\t<div class=\"corrientes-controls\">\n\t\t\t\t\t<div class=\"corrientes-dots\" id=\"corrientes-dots\"><\/div>\n\t\t\t\t\t<button class=\"corrientes-nav-btn\" id=\"corrientes-prev\" aria-label=\"Anterior\">&#129128;<\/button>\n\t\t\t\t\t<button class=\"corrientes-nav-btn\" id=\"corrientes-next\" aria-label=\"Siguiente\">&#129130;<\/button>\n\t\t\t\t<\/div>\n\n\t\t\t<\/div>\n\n\t\t\t\n\t\t<\/div>\n\t<\/div>\n<\/section>\n\n<script>\n(function () {\n\n\tvar CARD_W   = 192 + 8;\n\tvar INTERVAL = 3000;\n\tvar cur      = 0;\n\tvar timer;\n\n\tvar tr     = document.getElementById('corrientes-tr');\n\tvar vp     = document.getElementById('corrientes-vp');\n\tvar dotsEl = document.getElementById('corrientes-dots');\n\tvar prog   = document.getElementById('corrientes-prog');\n\n\tif ( ! tr || ! vp ) return;\n\n\tvar total = tr.children.length;\n\n\tfunction getVisible() {\n\t\treturn Math.max( 1, Math.floor( vp.offsetWidth \/ CARD_W ) );\n\t}\n\n\tfunction maxPage() {\n\t\treturn Math.max( 0, total - getVisible() );\n\t}\n\n\tfunction updateDots() {\n\t\tvar children = dotsEl.children;\n\t\tfor ( var i = 0; i < children.length; i++ ) {\n\t\t\tchildren[i].className = 'corrientes-dot' + ( i === cur ? ' on' : '' );\n\t\t}\n\t}\n\n\tfunction go( i ) {\n\t\tcur = Math.max( 0, Math.min( i, maxPage() ) );\n\t\ttr.style.transform = 'translateX(-' + ( cur * CARD_W ) + 'px)';\n\t\tupdateDots();\n\t}\n\n\tfunction buildDots() {\n\t\tdotsEl.innerHTML = '';\n\t\tfor ( var i = 0; i <= maxPage(); i++ ) {\n\t\t\t(function ( index ) {\n\t\t\t\tvar d = document.createElement('div');\n\t\t\t\td.className = 'corrientes-dot' + ( index === cur ? ' on' : '' );\n\t\t\t\td.addEventListener( 'click', function () { go( index ); resetTimer(); } );\n\t\t\t\tdotsEl.appendChild( d );\n\t\t\t})( i );\n\t\t}\n\t}\n\n\tfunction startProgress() {\n\t\tprog.style.transition = 'none';\n\t\tprog.style.width = '0%';\n\t\trequestAnimationFrame( function () {\n\t\t\trequestAnimationFrame( function () {\n\t\t\t\tprog.style.transition = 'width ' + INTERVAL + 'ms linear';\n\t\t\t\tprog.style.width = '100%';\n\t\t\t} );\n\t\t} );\n\t}\n\n\tfunction resetTimer() {\n\t\tclearInterval( timer );\n\t\tstartProgress();\n\t\ttimer = setInterval( function () {\n\t\t\tvar next = cur >= maxPage() ? 0 : cur + 1;\n\t\t\tgo( next );\n\t\t\tstartProgress();\n\t\t}, INTERVAL );\n\t}\n\n\tdocument.getElementById('corrientes-prev').addEventListener( 'click', function () {\n\t\tgo( cur - 1 );\n\t\tresetTimer();\n\t} );\n\n\tdocument.getElementById('corrientes-next').addEventListener( 'click', function () {\n\t\tgo( cur + 1 );\n\t\tresetTimer();\n\t} );\n\n\t\/* Touch swipe *\/\n\tvar touchStartX = 0;\n\tvar touchStartY = 0;\n\tvar isDragging  = false;\n\n\tvp.addEventListener( 'touchstart', function ( e ) {\n\t\ttouchStartX = e.touches[0].clientX;\n\t\ttouchStartY = e.touches[0].clientY;\n\t\tisDragging  = true;\n\t}, { passive: true } );\n\n\tvp.addEventListener( 'touchend', function ( e ) {\n\t\tif ( ! isDragging ) return;\n\t\tisDragging = false;\n\n\t\tvar deltaX = e.changedTouches[0].clientX - touchStartX;\n\t\tvar deltaY = e.changedTouches[0].clientY - touchStartY;\n\n\t\t\/* Solo actuar si el gesto es m\u00e1s horizontal que vertical *\/\n\t\tif ( Math.abs( deltaX ) < 40 || Math.abs( deltaX ) < Math.abs( deltaY ) ) return;\n\n\t\tif ( deltaX < 0 ) {\n\t\t\tgo( cur + 1 );\n\t\t} else {\n\t\t\tgo( cur - 1 );\n\t\t}\n\t\tresetTimer();\n\t}, { passive: true } );\n\n\twindow.addEventListener( 'resize', function () {\n\t\tbuildDots();\n\t\tgo( Math.min( cur, maxPage() ) );\n\t} );\n\n\tbuildDots();\n\tresetTimer();\n\n})();\n<\/script>\n\n\n\n<p><\/p>\n","protected":false},"excerpt":{"rendered":"","protected":false},"author":1,"featured_media":0,"parent":0,"menu_order":0,"comment_status":"closed","ping_status":"closed","template":"page-templates\/fullwidth.php","meta":{"_acf_changed":false,"footnotes":""},"class_list":["post-250","page","type-page","status-publish","hentry"],"acf":[],"_links":{"self":[{"href":"https:\/\/pantalla.ar\/turismo\/wp-json\/wp\/v2\/pages\/250","targetHints":{"allow":["GET"]}}],"collection":[{"href":"https:\/\/pantalla.ar\/turismo\/wp-json\/wp\/v2\/pages"}],"about":[{"href":"https:\/\/pantalla.ar\/turismo\/wp-json\/wp\/v2\/types\/page"}],"author":[{"embeddable":true,"href":"https:\/\/pantalla.ar\/turismo\/wp-json\/wp\/v2\/users\/1"}],"replies":[{"embeddable":true,"href":"https:\/\/pantalla.ar\/turismo\/wp-json\/wp\/v2\/comments?post=250"}],"version-history":[{"count":11,"href":"https:\/\/pantalla.ar\/turismo\/wp-json\/wp\/v2\/pages\/250\/revisions"}],"predecessor-version":[{"id":3321,"href":"https:\/\/pantalla.ar\/turismo\/wp-json\/wp\/v2\/pages\/250\/revisions\/3321"}],"wp:attachment":[{"href":"https:\/\/pantalla.ar\/turismo\/wp-json\/wp\/v2\/media?parent=250"}],"curies":[{"name":"wp","href":"https:\/\/api.w.org\/{rel}","templated":true}]}}