{"id":1605,"date":"2026-03-16T16:23:03","date_gmt":"2026-03-16T16:23:03","guid":{"rendered":"https:\/\/pantalla.ar\/turismo\/?page_id=1605"},"modified":"2026-04-21T13:57:28","modified_gmt":"2026-04-21T13:57:28","slug":"historico-cultural","status":"publish","type":"page","link":"https:\/\/pantalla.ar\/turismo\/historico-cultural\/","title":{"rendered":"Turismo Hist\u00f3rico Cultural"},"content":{"rendered":"\n<p><\/p>\n\n\n\n<p><\/p>\n\n\n\n<p><strong>Donde la historia no se conserva \u00fanicamente en los libros, sino que se vive en cada calle, en cada edificio y en cada tradici\u00f3n que atraviesa generaciones. El turismo hist\u00f3rico y cultural invita a recorrer una identidad profundamente arraigada, donde el pasado colonial, las ra\u00edces guaran\u00edes y la cultura litorale\u00f1a se combinan para dar forma a una experiencia aut\u00e9ntica y enriquecedora.<\/strong><\/p>\n\n\n\n<figure class=\"wp-block-image size-full\"><img loading=\"lazy\" decoding=\"async\" width=\"1024\" height=\"13\" src=\"https:\/\/pantalla.ar\/turismo\/wp-content\/uploads\/2026\/03\/image-24.png\" alt=\"\" class=\"wp-image-1684\" srcset=\"https:\/\/pantalla.ar\/turismo\/wp-content\/uploads\/2026\/03\/image-24.png 1024w, https:\/\/pantalla.ar\/turismo\/wp-content\/uploads\/2026\/03\/image-24-300x4.png 300w, https:\/\/pantalla.ar\/turismo\/wp-content\/uploads\/2026\/03\/image-24-768x10.png 768w\" sizes=\"auto, (max-width: 1024px) 100vw, 1024px\" \/><\/figure>\n\n\n\n<div class=\"modulos-historico\">\n\n  <style>\n    .modulos-historico {\n      margin: 20px 0 30px;\n      font-family: Arial, sans-serif;\n    }\n\n    .modulos-historico__title {\n      font-size: 28px;\n      font-weight: 700;\n      margin-bottom: 18px;\n      color: #1f1f1f;\n    }\n\n    .modulos-historico__grid {\n      display: grid;\n      grid-template-columns: repeat(2, 1fr);\n      gap: 16px;\n    }\n\n    .modulo-historico {\n      position: relative;\n      display: block;\n      height: 220px;\n      border-radius: 10px;\n      overflow: hidden;\n      text-decoration: none;\n      color: #fff;\n    }\n\n    .modulo-historico__img {\n      position: absolute;\n      width: 100%;\n      height: 100%;\n      object-fit: cover;\n      top: 0;\n      left: 0;\n      transition: transform 0.4s ease;\n    }\n\n    .modulo-historico__overlay {\n      position: absolute;\n      inset: 0;\n      background: linear-gradient(\n        to top,\n        rgba(0,0,0,0.75) 10%,\n        rgba(0,0,0,0.3) 60%,\n        rgba(0,0,0,0.1) 100%\n      );\n    }\n\n    .modulo-historico__content {\n      position: absolute;\n      bottom: 0;\n      padding: 18px;\n      z-index: 2;\n    }\n\n    .modulo-historico__title {\n      font-size: 18px;\n      font-weight: 700;\n      line-height: 1.3;\n      margin: 0;\ncolor: #f3f2f2;\n\n    }\n\n    .modulo-historico__cta {\n      margin-top: 6px;\n      font-size: 14px;\n      color: #ffd24d;\n      font-weight: 600;\n    }\n\n    .modulo-historico:hover .modulo-historico__img {\n      transform: scale(1.05);\n    }\n\n    .modulo-historico:hover .modulo-historico__overlay {\n      background: linear-gradient(\n        to top,\n        rgba(0,0,0,0.85) 10%,\n        rgba(0,0,0,0.4) 60%,\n        rgba(0,0,0,0.2) 100%\n      );\n    }\n\n    @media (max-width: 768px) {\n      .modulos-historico__grid {\n        grid-template-columns: 1fr;\n      }\n\n      .modulo-historico {\n        height: 240px;\n      }\n\n      .modulos-historico__title {\n        font-size: 24px;\n      }\n    }\n  <\/style>\n\n\n  <div class=\"modulos-historico__grid\">\n\n    <a href=\"https:\/\/pantalla.ar\/turismo\/tour\/el-reloj-de-sol-jesuitico\/\" class=\"modulo-historico\">\n      <img decoding=\"async\" src=\"https:\/\/pantalla.ar\/turismo\/wp-content\/uploads\/2026\/03\/image-70-1024x716.png\" class=\"modulo-historico__img\">\n      <div class=\"modulo-historico__overlay\"><\/div>\n      <div class=\"modulo-historico__content\">\n        <h3 class=\"modulo-historico__title\">El Reloj de Sol Jesu\u00edtico<\/h3>\n        <div class=\"modulo-historico__cta\">Ver destino \u2192<\/div>\n      <\/div>\n    <\/a>\n\n    <a href=\"https:\/\/pantalla.ar\/turismo\/tour\/museo-historico\/\" class=\"modulo-historico\">\n      <img decoding=\"async\" src=\"https:\/\/pantalla.ar\/turismo\/wp-content\/uploads\/2026\/03\/image-7-1024x683.png\" class=\"modulo-historico__img\">\n      <div class=\"modulo-historico__overlay\"><\/div>\n      <div class=\"modulo-historico__content\">\n        <h3 class=\"modulo-historico__title\">Museo Hist\u00f3rico \u201cGeneral Manuel Belgrano\u201d<\/h3>\n        <div class=\"modulo-historico__cta\">Ver destino \u2192<\/div>\n      <\/div>\n    <\/a>\n\n    <a href=\"https:\/\/pantalla.ar\/turismo\/tour\/centro-de-interpretacion-jesuitico-guarani\/\" class=\"modulo-historico\">\n      <img decoding=\"async\" src=\"https:\/\/pantalla.ar\/turismo\/wp-content\/uploads\/2026\/03\/image-65.png\" class=\"modulo-historico__img\">\n      <div class=\"modulo-historico__overlay\"><\/div>\n      <div class=\"modulo-historico__content\">\n        <h3 class=\"modulo-historico__title\">Centro de Interpretaci\u00f3n Jesu\u00edtico Guaran\u00ed<\/h3>\n        <div class=\"modulo-historico__cta\">Ver destino \u2192<\/div>\n      <\/div>\n    <\/a>\n\n    <a href=\"https:\/\/pantalla.ar\/turismo\/tour\/ruinas-de-las-murallas-jesuiticas\/\" class=\"modulo-historico\">\n      <img decoding=\"async\" src=\"https:\/\/pantalla.ar\/turismo\/wp-content\/uploads\/2026\/03\/image-63.png\" class=\"modulo-historico__img\">\n      <div class=\"modulo-historico__overlay\"><\/div>\n      <div class=\"modulo-historico__content\">\n        <h3 class=\"modulo-historico__title\">Ruinas de las murallas jesu\u00edticas<\/h3>\n        <div class=\"modulo-historico__cta\">Ver destino \u2192<\/div>\n      <\/div>\n    <\/a>\n\n  <\/div>\n\n<\/div>\n\n\n\n<h2 class=\"wp-block-heading\">Recomendaciones<\/h2>\n\n\n\n<p><strong>A. CORREDOR JESUITICO GUARANI<\/strong><\/p>\n\n\n\n<p>Constituye uno de los principales circuitos tur\u00edsticos hist\u00f3ricos de la provincia, ya que permite recorrer territorios donde se desarroll\u00f3 el sistema de Misiones Jesu\u00edtico-Guaran\u00edes, uno de los procesos socioculturales m\u00e1s significativos de Am\u00e9rica del Sur entre los siglos XVII y XVIII.<\/p>\n\n\n\n<p>Este corredor integra las localidades de Gobernador Virasoro, La Cruz, San Carlos, Santo Tom\u00e9, Alvear y Yapey\u00fa, conformando un circuito que combina patrimonio hist\u00f3rico, paisajes naturales y tradiciones culturales vinculadas al legado guaran\u00ed y jesu\u00edtico.<\/p>\n\n\n\n<p><strong>QUE VISITAR<\/strong><\/p>\n\n\n\n<ul class=\"wp-block-list\">\n<li>Virasoro: Capilla Jesu\u00edtica Guarani San Alonso<\/li>\n\n\n\n<li>La Cruz: Ruinas de las murallas jesu\u00edticas &#8211; Reloj de Sol &#8211; Luminarias &#8211; Centro de Interpretaci\u00f3n <\/li>\n\n\n\n<li>San Carlos: Ruinas Jesu\u00edticas<\/li>\n\n\n\n<li>Santo Tome: Museo Arqueol\u00f3gico<\/li>\n\n\n\n<li>Yapey\u00fa: Centro de Interpretaci\u00f3n Jesu\u00edtico Guaran\u00ed &#8211; Arco Trunco &#8211; Templete San Martiniano &#8211; Museo Hist\u00f3rico Yapey\u00fa &#8211; Museo San Martiniano<\/li>\n<\/ul>\n\n\n\n<figure class=\"wp-block-gallery has-nested-images columns-default is-cropped wp-block-gallery-1 is-layout-flex wp-block-gallery-is-layout-flex\">\n<figure class=\"wp-block-image size-large\"><img loading=\"lazy\" decoding=\"async\" width=\"1024\" height=\"600\" data-id=\"3156\" src=\"https:\/\/pantalla.ar\/turismo\/wp-content\/uploads\/2026\/04\/DSC_0467-1024x600.jpg\" alt=\"\" class=\"wp-image-3156\" srcset=\"https:\/\/pantalla.ar\/turismo\/wp-content\/uploads\/2026\/04\/DSC_0467-1024x600.jpg 1024w, https:\/\/pantalla.ar\/turismo\/wp-content\/uploads\/2026\/04\/DSC_0467-300x176.jpg 300w, https:\/\/pantalla.ar\/turismo\/wp-content\/uploads\/2026\/04\/DSC_0467-768x450.jpg 768w, https:\/\/pantalla.ar\/turismo\/wp-content\/uploads\/2026\/04\/DSC_0467-1536x900.jpg 1536w, https:\/\/pantalla.ar\/turismo\/wp-content\/uploads\/2026\/04\/DSC_0467-2048x1200.jpg 2048w\" sizes=\"auto, (max-width: 1024px) 100vw, 1024px\" \/><\/figure>\n\n\n\n<figure class=\"wp-block-image size-large\"><img loading=\"lazy\" decoding=\"async\" width=\"1024\" height=\"808\" data-id=\"3157\" src=\"https:\/\/pantalla.ar\/turismo\/wp-content\/uploads\/2026\/04\/DSC_0490-1024x808.jpg\" alt=\"\" class=\"wp-image-3157\" srcset=\"https:\/\/pantalla.ar\/turismo\/wp-content\/uploads\/2026\/04\/DSC_0490-1024x808.jpg 1024w, https:\/\/pantalla.ar\/turismo\/wp-content\/uploads\/2026\/04\/DSC_0490-300x237.jpg 300w, https:\/\/pantalla.ar\/turismo\/wp-content\/uploads\/2026\/04\/DSC_0490-768x606.jpg 768w, https:\/\/pantalla.ar\/turismo\/wp-content\/uploads\/2026\/04\/DSC_0490-1536x1212.jpg 1536w, https:\/\/pantalla.ar\/turismo\/wp-content\/uploads\/2026\/04\/DSC_0490-2048x1616.jpg 2048w\" sizes=\"auto, (max-width: 1024px) 100vw, 1024px\" \/><\/figure>\n\n\n\n<figure class=\"wp-block-image size-large\"><img loading=\"lazy\" decoding=\"async\" width=\"1024\" height=\"660\" data-id=\"3158\" src=\"https:\/\/pantalla.ar\/turismo\/wp-content\/uploads\/2026\/04\/DSC_0943-1024x660.jpg\" alt=\"\" class=\"wp-image-3158\" srcset=\"https:\/\/pantalla.ar\/turismo\/wp-content\/uploads\/2026\/04\/DSC_0943-1024x660.jpg 1024w, https:\/\/pantalla.ar\/turismo\/wp-content\/uploads\/2026\/04\/DSC_0943-300x193.jpg 300w, https:\/\/pantalla.ar\/turismo\/wp-content\/uploads\/2026\/04\/DSC_0943-768x495.jpg 768w, https:\/\/pantalla.ar\/turismo\/wp-content\/uploads\/2026\/04\/DSC_0943-1536x990.jpg 1536w, https:\/\/pantalla.ar\/turismo\/wp-content\/uploads\/2026\/04\/DSC_0943-2048x1320.jpg 2048w\" sizes=\"auto, (max-width: 1024px) 100vw, 1024px\" \/><\/figure>\n\n\n\n<figure class=\"wp-block-image size-large\"><img loading=\"lazy\" decoding=\"async\" width=\"1024\" height=\"678\" data-id=\"3159\" src=\"https:\/\/pantalla.ar\/turismo\/wp-content\/uploads\/2026\/04\/DSC_0987-1-1024x678.jpg\" alt=\"\" class=\"wp-image-3159\" srcset=\"https:\/\/pantalla.ar\/turismo\/wp-content\/uploads\/2026\/04\/DSC_0987-1-1024x678.jpg 1024w, https:\/\/pantalla.ar\/turismo\/wp-content\/uploads\/2026\/04\/DSC_0987-1-300x199.jpg 300w, https:\/\/pantalla.ar\/turismo\/wp-content\/uploads\/2026\/04\/DSC_0987-1-768x509.jpg 768w, https:\/\/pantalla.ar\/turismo\/wp-content\/uploads\/2026\/04\/DSC_0987-1-1536x1017.jpg 1536w, https:\/\/pantalla.ar\/turismo\/wp-content\/uploads\/2026\/04\/DSC_0987-1-2048x1356.jpg 2048w\" sizes=\"auto, (max-width: 1024px) 100vw, 1024px\" \/><\/figure>\n\n\n\n<figure class=\"wp-block-image size-large\"><img loading=\"lazy\" decoding=\"async\" width=\"1024\" height=\"687\" data-id=\"3160\" src=\"https:\/\/pantalla.ar\/turismo\/wp-content\/uploads\/2026\/04\/DSC_1059-1024x687.jpg\" alt=\"\" class=\"wp-image-3160\" srcset=\"https:\/\/pantalla.ar\/turismo\/wp-content\/uploads\/2026\/04\/DSC_1059-1024x687.jpg 1024w, https:\/\/pantalla.ar\/turismo\/wp-content\/uploads\/2026\/04\/DSC_1059-300x201.jpg 300w, https:\/\/pantalla.ar\/turismo\/wp-content\/uploads\/2026\/04\/DSC_1059-768x515.jpg 768w, https:\/\/pantalla.ar\/turismo\/wp-content\/uploads\/2026\/04\/DSC_1059-1536x1031.jpg 1536w, https:\/\/pantalla.ar\/turismo\/wp-content\/uploads\/2026\/04\/DSC_1059-2048x1374.jpg 2048w\" sizes=\"auto, (max-width: 1024px) 100vw, 1024px\" \/><\/figure>\n<\/figure>\n\n\n\n<figure class=\"wp-block-image size-full\"><img loading=\"lazy\" decoding=\"async\" width=\"1024\" height=\"13\" src=\"https:\/\/pantalla.ar\/turismo\/wp-content\/uploads\/2026\/03\/image-24.png\" alt=\"\" class=\"wp-image-1684\" srcset=\"https:\/\/pantalla.ar\/turismo\/wp-content\/uploads\/2026\/03\/image-24.png 1024w, https:\/\/pantalla.ar\/turismo\/wp-content\/uploads\/2026\/03\/image-24-300x4.png 300w, https:\/\/pantalla.ar\/turismo\/wp-content\/uploads\/2026\/03\/image-24-768x10.png 768w\" sizes=\"auto, (max-width: 1024px) 100vw, 1024px\" \/><\/figure>\n\n\n\n<p><strong>B. CIRCUITO HISTORICO, CULTURAL Y RELIGIOSO CIUDAD DE CORRIENTES Y CERCANIAS<\/strong><\/p>\n\n\n\n<p>La ciudad de Corrientes, fundada en 1588, es una de las ciudades m\u00e1s antiguas del pa\u00eds y constituye un n\u00facleo fundamental del patrimonio hist\u00f3rico y cultural del nordeste argentino. Su centro hist\u00f3rico conserva iglesias, edificios coloniales, plazas y monumentos que reflejan m\u00e1s de cuatro siglos de historia.<\/p>\n\n\n<div class=\"wp-block-image\">\n<figure class=\"alignleft size-large is-resized\"><img loading=\"lazy\" decoding=\"async\" width=\"1024\" height=\"683\" src=\"https:\/\/pantalla.ar\/turismo\/wp-content\/uploads\/2026\/04\/JLS0243-1024x683.jpg\" alt=\"\" class=\"wp-image-3164\" style=\"width:212px;height:auto\" srcset=\"https:\/\/pantalla.ar\/turismo\/wp-content\/uploads\/2026\/04\/JLS0243-1024x683.jpg 1024w, https:\/\/pantalla.ar\/turismo\/wp-content\/uploads\/2026\/04\/JLS0243-300x200.jpg 300w, https:\/\/pantalla.ar\/turismo\/wp-content\/uploads\/2026\/04\/JLS0243-768x512.jpg 768w, https:\/\/pantalla.ar\/turismo\/wp-content\/uploads\/2026\/04\/JLS0243-1536x1024.jpg 1536w, https:\/\/pantalla.ar\/turismo\/wp-content\/uploads\/2026\/04\/JLS0243.jpg 2048w\" sizes=\"auto, (max-width: 1024px) 100vw, 1024px\" \/><\/figure>\n<\/div>\n\n\n<p>El circuito hist\u00f3rico-cultural de la capital provincial incluye recorridos por sitios emblem\u00e1ticos como iglesias hist\u00f3ricas, museos, espacios culturales y monumentos que narran el proceso de fundaci\u00f3n, desarrollo urbano y construcci\u00f3n de la identidad correntina.<\/p>\n\n\n\n<p>A su vez, este circuito se complementa con localidades cercanas que enriquecen la experiencia tur\u00edstica con una fuerte impronta religiosa y cultural. Entre ellas se destaca Itat\u00ed, uno de los principales centros de peregrinaci\u00f3n del pa\u00eds, donde se encuentra la Bas\u00edlica de la Virgen de Itat\u00ed, que cada a\u00f1o convoca a miles de fieles.<\/p>\n\n\n\n<p>Tambi\u00e9n se integran otras localidades que aportan valor hist\u00f3rico y cultural a la regi\u00f3n metropolitana, generando un circuito que combina fe, tradici\u00f3n, arquitectura hist\u00f3rica y manifestaciones culturales como los carnavales, el chamam\u00e9 y las festividades populares.<\/p>\n\n\n\n<p><strong>QUE VISITAR:<\/strong><\/p>\n\n\n\n<ul class=\"wp-block-list\">\n<li>Casco Hist\u00f3rico<\/li>\n\n\n\n<li>Circuito Hist\u00f3rico Religioso<\/li>\n\n\n\n<li>Paseo de los Murales<\/li>\n\n\n\n<li>Circuito de Museos y centro de interpretaci\u00f3nes<\/li>\n<\/ul>\n\n\n\n<figure class=\"wp-block-gallery has-nested-images columns-default is-cropped wp-block-gallery-2 is-layout-flex wp-block-gallery-is-layout-flex\">\n<figure class=\"wp-block-image size-large\"><img loading=\"lazy\" decoding=\"async\" width=\"1024\" height=\"684\" data-id=\"3165\" src=\"https:\/\/pantalla.ar\/turismo\/wp-content\/uploads\/2026\/04\/JLS3432-1024x684.jpg\" alt=\"\" class=\"wp-image-3165\" srcset=\"https:\/\/pantalla.ar\/turismo\/wp-content\/uploads\/2026\/04\/JLS3432-1024x684.jpg 1024w, https:\/\/pantalla.ar\/turismo\/wp-content\/uploads\/2026\/04\/JLS3432-300x200.jpg 300w, https:\/\/pantalla.ar\/turismo\/wp-content\/uploads\/2026\/04\/JLS3432-768x513.jpg 768w, https:\/\/pantalla.ar\/turismo\/wp-content\/uploads\/2026\/04\/JLS3432-1536x1025.jpg 1536w, https:\/\/pantalla.ar\/turismo\/wp-content\/uploads\/2026\/04\/JLS3432.jpg 2048w\" sizes=\"auto, (max-width: 1024px) 100vw, 1024px\" \/><\/figure>\n\n\n\n<figure class=\"wp-block-image size-large\"><img loading=\"lazy\" decoding=\"async\" width=\"1024\" height=\"731\" data-id=\"3167\" src=\"https:\/\/pantalla.ar\/turismo\/wp-content\/uploads\/2026\/04\/DSC_1508-1024x731.jpg\" alt=\"\" class=\"wp-image-3167\" srcset=\"https:\/\/pantalla.ar\/turismo\/wp-content\/uploads\/2026\/04\/DSC_1508-1024x731.jpg 1024w, https:\/\/pantalla.ar\/turismo\/wp-content\/uploads\/2026\/04\/DSC_1508-300x214.jpg 300w, https:\/\/pantalla.ar\/turismo\/wp-content\/uploads\/2026\/04\/DSC_1508-768x548.jpg 768w, https:\/\/pantalla.ar\/turismo\/wp-content\/uploads\/2026\/04\/DSC_1508-1536x1097.jpg 1536w, https:\/\/pantalla.ar\/turismo\/wp-content\/uploads\/2026\/04\/DSC_1508-2048x1462.jpg 2048w\" sizes=\"auto, (max-width: 1024px) 100vw, 1024px\" \/><\/figure>\n\n\n\n<figure class=\"wp-block-image size-large\"><img loading=\"lazy\" decoding=\"async\" width=\"1024\" height=\"708\" data-id=\"3168\" src=\"https:\/\/pantalla.ar\/turismo\/wp-content\/uploads\/2026\/04\/DSC_1578-1024x708.jpg\" alt=\"\" class=\"wp-image-3168\" srcset=\"https:\/\/pantalla.ar\/turismo\/wp-content\/uploads\/2026\/04\/DSC_1578-1024x708.jpg 1024w, https:\/\/pantalla.ar\/turismo\/wp-content\/uploads\/2026\/04\/DSC_1578-300x208.jpg 300w, https:\/\/pantalla.ar\/turismo\/wp-content\/uploads\/2026\/04\/DSC_1578-768x531.jpg 768w, https:\/\/pantalla.ar\/turismo\/wp-content\/uploads\/2026\/04\/DSC_1578-1536x1062.jpg 1536w, https:\/\/pantalla.ar\/turismo\/wp-content\/uploads\/2026\/04\/DSC_1578-2048x1417.jpg 2048w\" sizes=\"auto, (max-width: 1024px) 100vw, 1024px\" \/><\/figure>\n\n\n\n<figure class=\"wp-block-image size-large\"><img loading=\"lazy\" decoding=\"async\" width=\"1024\" height=\"678\" data-id=\"3169\" src=\"https:\/\/pantalla.ar\/turismo\/wp-content\/uploads\/2026\/04\/DSC_9414-1024x678.jpg\" alt=\"\" class=\"wp-image-3169\" srcset=\"https:\/\/pantalla.ar\/turismo\/wp-content\/uploads\/2026\/04\/DSC_9414-1024x678.jpg 1024w, https:\/\/pantalla.ar\/turismo\/wp-content\/uploads\/2026\/04\/DSC_9414-300x199.jpg 300w, https:\/\/pantalla.ar\/turismo\/wp-content\/uploads\/2026\/04\/DSC_9414-768x509.jpg 768w, https:\/\/pantalla.ar\/turismo\/wp-content\/uploads\/2026\/04\/DSC_9414-1536x1017.jpg 1536w, https:\/\/pantalla.ar\/turismo\/wp-content\/uploads\/2026\/04\/DSC_9414-2048x1356.jpg 2048w\" sizes=\"auto, (max-width: 1024px) 100vw, 1024px\" \/><\/figure>\n\n\n\n<figure class=\"wp-block-image size-large\"><img loading=\"lazy\" decoding=\"async\" width=\"1024\" height=\"678\" data-id=\"3166\" src=\"https:\/\/pantalla.ar\/turismo\/wp-content\/uploads\/2026\/04\/DSC_9537-1024x678.jpg\" alt=\"\" class=\"wp-image-3166\" srcset=\"https:\/\/pantalla.ar\/turismo\/wp-content\/uploads\/2026\/04\/DSC_9537-1024x678.jpg 1024w, https:\/\/pantalla.ar\/turismo\/wp-content\/uploads\/2026\/04\/DSC_9537-300x199.jpg 300w, https:\/\/pantalla.ar\/turismo\/wp-content\/uploads\/2026\/04\/DSC_9537-768x509.jpg 768w, https:\/\/pantalla.ar\/turismo\/wp-content\/uploads\/2026\/04\/DSC_9537-1536x1017.jpg 1536w, https:\/\/pantalla.ar\/turismo\/wp-content\/uploads\/2026\/04\/DSC_9537-2048x1356.jpg 2048w\" sizes=\"auto, (max-width: 1024px) 100vw, 1024px\" \/><\/figure>\n<\/figure>\n","protected":false},"excerpt":{"rendered":"<p>Donde la historia no se conserva \u00fanicamente en los libros, sino que se vive en cada calle, en cada edificio y en cada tradici\u00f3n que atraviesa generaciones. El turismo hist\u00f3rico [&hellip;]<\/p>\n","protected":false},"author":1,"featured_media":0,"parent":0,"menu_order":0,"comment_status":"closed","ping_status":"closed","template":"","meta":{"_acf_changed":false,"footnotes":""},"class_list":["post-1605","page","type-page","status-publish","hentry"],"acf":[],"_links":{"self":[{"href":"https:\/\/pantalla.ar\/turismo\/wp-json\/wp\/v2\/pages\/1605","targetHints":{"allow":["GET"]}}],"collection":[{"href":"https:\/\/pantalla.ar\/turismo\/wp-json\/wp\/v2\/pages"}],"about":[{"href":"https:\/\/pantalla.ar\/turismo\/wp-json\/wp\/v2\/types\/page"}],"author":[{"embeddable":true,"href":"https:\/\/pantalla.ar\/turismo\/wp-json\/wp\/v2\/users\/1"}],"replies":[{"embeddable":true,"href":"https:\/\/pantalla.ar\/turismo\/wp-json\/wp\/v2\/comments?post=1605"}],"version-history":[{"count":17,"href":"https:\/\/pantalla.ar\/turismo\/wp-json\/wp\/v2\/pages\/1605\/revisions"}],"predecessor-version":[{"id":3170,"href":"https:\/\/pantalla.ar\/turismo\/wp-json\/wp\/v2\/pages\/1605\/revisions\/3170"}],"wp:attachment":[{"href":"https:\/\/pantalla.ar\/turismo\/wp-json\/wp\/v2\/media?parent=1605"}],"curies":[{"name":"wp","href":"https:\/\/api.w.org\/{rel}","templated":true}]}}