{"id":1601,"date":"2026-03-16T16:17:53","date_gmt":"2026-03-16T16:17:53","guid":{"rendered":"https:\/\/pantalla.ar\/turismo\/?page_id=1601"},"modified":"2026-04-16T15:10:28","modified_gmt":"2026-04-16T15:10:28","slug":"turismo-religioso","status":"publish","type":"page","link":"https:\/\/pantalla.ar\/turismo\/turismo-religioso\/","title":{"rendered":"Turismo Religioso"},"content":{"rendered":"\n<p><strong>Destino donde la fe no solo se practica, sino que se vive intensamente en cada pueblo, en cada celebraci\u00f3n y en cada manifestaci\u00f3n cultural. El turismo religioso se convierte aqu\u00ed en una experiencia profunda, donde la espiritualidad se entrelaza con la identidad del litoral. Desde grandes peregrinaciones hasta peque\u00f1as capillas rurales, el visitante puede recorrer un mapa de creencias que forma parte esencial de la vida cotidiana correntina.<\/strong><\/p>\n\n\n\n<figure class=\"wp-block-image size-full\"><img loading=\"lazy\" decoding=\"async\" width=\"1024\" height=\"13\" src=\"https:\/\/pantalla.ar\/turismo\/wp-content\/uploads\/2026\/03\/image-24.png\" alt=\"\" class=\"wp-image-1684\" srcset=\"https:\/\/pantalla.ar\/turismo\/wp-content\/uploads\/2026\/03\/image-24.png 1024w, https:\/\/pantalla.ar\/turismo\/wp-content\/uploads\/2026\/03\/image-24-300x4.png 300w, https:\/\/pantalla.ar\/turismo\/wp-content\/uploads\/2026\/03\/image-24-768x10.png 768w\" sizes=\"auto, (max-width: 1024px) 100vw, 1024px\" \/><\/figure>\n\n\n\n<div class=\"cards-religioso\">\n\n  <style>\n    .cards-religioso {\n      margin: 20px 0 30px;\n      font-family: Arial, sans-serif;\n    }\n\n    .cards-religioso__title {\n      font-size: 28px;\n      font-weight: 700;\n      margin-bottom: 18px;\n      color: #1f1f1f;\n    }\n\n    .cards-religioso__grid {\n      display: grid;\n      grid-template-columns: repeat(3, 1fr);\n      gap: 16px;\n    }\n\n    .card-religioso {\n      display: block;\n      text-decoration: none;\n      background: #fff;\n      border-radius: 10px;\n      overflow: hidden;\n      border: 1px solid #e5e5e5;\n      box-shadow: 0 6px 18px rgba(0,0,0,0.05);\n      transition: all 0.25s ease;\n    }\n\n    .card-religioso:hover {\n      transform: translateY(-4px);\n      box-shadow: 0 12px 28px rgba(0,0,0,0.08);\n    }\n\n    .card-religioso__image {\n      width: 100%;\n      height: 180px;\n      object-fit: cover;\n      display: block;\n    }\n\n    .card-religioso__content {\n      padding: 14px 16px 16px;\n    }\n\n    .card-religioso__title {\n      font-size: 16px;\n      font-weight: 700;\n      color: #1f1f1f;\n      line-height: 1.3;\n      margin: 0;\n    }\n\n    .card-religioso__cta {\n      margin-top: 10px;\n      font-size: 14px;\n      font-weight: 600;\n      color: #c89b00;\n    }\n\n    @media (max-width: 900px) {\n      .cards-religioso__grid {\n        grid-template-columns: 1fr 1fr;\n      }\n    }\n\n    @media (max-width: 600px) {\n      .cards-religioso__grid {\n        grid-template-columns: 1fr;\n      }\n\n      .card-religioso__image {\n        height: 200px;\n      }\n    }\n  <\/style>\n\n\n  <div class=\"cards-religioso__grid\">\n\n    <!-- CARD 1 -->\n    <a href=\"https:\/\/pantalla.ar\/turismo\/tour\/circuito-religioso-siete-iglesias\/\" class=\"card-religioso\">\n      <img decoding=\"async\" src=\"https:\/\/pantalla.ar\/turismo\/wp-content\/uploads\/2026\/03\/image-35-1024x833.png\" class=\"card-religioso__image\">\n      <div class=\"card-religioso__content\">\n        <h3 class=\"card-religioso__title\">Circuito Religioso Siete Iglesias<\/h3>\n        <div class=\"card-religioso__cta\">Ver m\u00e1s \u2192<\/div>\n      <\/div>\n    <\/a>\n\n    <!-- CARD 2 -->\n    <a href=\"https:\/\/pantalla.ar\/turismo\/tour\/santuario-del-gauchito-gil\/\" class=\"card-religioso\">\n      <img decoding=\"async\" src=\"https:\/\/pantalla.ar\/turismo\/wp-content\/uploads\/2026\/03\/image-27-1024x768.png\" class=\"card-religioso__image\">\n      <div class=\"card-religioso__content\">\n        <h3 class=\"card-religioso__title\">Santuario del Gauchito Gil<\/h3>\n        <div class=\"card-religioso__cta\">Ver m\u00e1s \u2192<\/div>\n      <\/div>\n    <\/a>\n\n    <!-- CARD 3 -->\n    <a href=\"https:\/\/pantalla.ar\/turismo\/tour\/basilica-de-nuestra-senora-de-itati\/\" class=\"card-religioso\">\n      <img decoding=\"async\" src=\"https:\/\/pantalla.ar\/turismo\/wp-content\/uploads\/2026\/03\/itati2.jpg\" class=\"card-religioso__image\">\n      <div class=\"card-religioso__content\">\n        <h3 class=\"card-religioso__title\">Bas\u00edlica de Nuestra Se\u00f1ora de Itat\u00ed<\/h3>\n        <div class=\"card-religioso__cta\">Ver m\u00e1s \u2192<\/div>\n      <\/div>\n    <\/a>\n\n  <\/div>\n\n<\/div>\n\n\n<div class=\"wp-block-image\">\n<figure class=\"alignleft size-full is-resized\"><img loading=\"lazy\" decoding=\"async\" width=\"1005\" height=\"800\" src=\"https:\/\/pantalla.ar\/turismo\/wp-content\/uploads\/2026\/03\/image-30.png\" alt=\"\" class=\"wp-image-1803\" style=\"aspect-ratio:1.2503474903474903;width:381px;height:auto\" srcset=\"https:\/\/pantalla.ar\/turismo\/wp-content\/uploads\/2026\/03\/image-30.png 1005w, https:\/\/pantalla.ar\/turismo\/wp-content\/uploads\/2026\/03\/image-30-300x239.png 300w, https:\/\/pantalla.ar\/turismo\/wp-content\/uploads\/2026\/03\/image-30-768x611.png 768w\" sizes=\"auto, (max-width: 1005px) 100vw, 1005px\" \/><figcaption class=\"wp-element-caption\"><em><strong>La experiencia religiosa en Corrientes se complementa con el entorno natural y cultural<\/strong><\/em><\/figcaption><\/figure>\n<\/div>\n\n\n<p>Uno de los principales epicentros de esta expresi\u00f3n es la localidad de Itat\u00ed, hogar de la Virgen de Itat\u00ed, patrona de la provincia. Este destino convoca cada a\u00f1o a miles de peregrinos que llegan desde distintos puntos del pa\u00eds y la regi\u00f3n, movilizados por la fe y la tradici\u00f3n. La imponente bas\u00edlica y las celebraciones religiosas convierten a este sitio en uno de los centros espirituales m\u00e1s importantes del nordeste argentino, donde la devoci\u00f3n se manifiesta en procesiones, promesas y encuentros comunitarios .<\/p>\n\n\n\n<p>Pero el turismo religioso en Corrientes no se limita a un solo punto. A lo largo del corredor Gran Corrientes y otras regiones de la provincia, se pueden encontrar <strong>iglesias hist\u00f3ricas<\/strong>, <strong>capillas rurales<\/strong> y pueblos con fuerte impronta espiritual. Localidades como Santa Ana, con su parroquia tradicional, o San Luis del Palmar, reconocido como \u201cPueblo Peregrino\u201d, reflejan una herencia religiosa que se mantiene viva a trav\u00e9s de fiestas patronales, celebraciones lit\u00fargicas y encuentros culturales vinculados a la fe .<\/p>\n\n\n<div class=\"wp-block-image\">\n<figure class=\"alignright size-large is-resized\"><img loading=\"lazy\" decoding=\"async\" width=\"768\" height=\"1024\" src=\"https:\/\/pantalla.ar\/turismo\/wp-content\/uploads\/2026\/03\/Cruz-de-la-procecion-768x1024.jpg\" alt=\"\" class=\"wp-image-2230\" style=\"width:255px;height:auto\" srcset=\"https:\/\/pantalla.ar\/turismo\/wp-content\/uploads\/2026\/03\/Cruz-de-la-procecion-768x1024.jpg 768w, https:\/\/pantalla.ar\/turismo\/wp-content\/uploads\/2026\/03\/Cruz-de-la-procecion-225x300.jpg 225w, https:\/\/pantalla.ar\/turismo\/wp-content\/uploads\/2026\/03\/Cruz-de-la-procecion-1152x1536.jpg 1152w, https:\/\/pantalla.ar\/turismo\/wp-content\/uploads\/2026\/03\/Cruz-de-la-procecion-1536x2048.jpg 1536w, https:\/\/pantalla.ar\/turismo\/wp-content\/uploads\/2026\/03\/Cruz-de-la-procecion-scaled.jpg 1920w\" sizes=\"auto, (max-width: 768px) 100vw, 768px\" \/><figcaption class=\"wp-element-caption\">La cruz artesanal, donada por la Sociedad Espa\u00f1ola, es una tradici\u00f3n que involucra a m\u00e1s de mil flores naturales.<\/figcaption><\/figure>\n<\/div>\n\n\n<p>Adem\u00e1s, <strong>la experiencia religiosa en Corrientes se complementa con el entorno natural y cultural<\/strong> que rodea cada destino. Las peregrinaciones muchas veces se desarrollan a trav\u00e9s de caminos rurales, paisajes de esteros, r\u00edos y montes, generando una conexi\u00f3n \u00fanica entre espiritualidad y naturaleza. Esta combinaci\u00f3n convierte cada recorrido en una vivencia integral, donde el viaje no es solo f\u00edsico, sino tambi\u00e9n emocional y simb\u00f3lico.<\/p>\n\n\n\n<p><strong>Elegir Corrientes para el turismo religioso es adentrarse en una provincia donde la tradici\u00f3n, la historia y la fe se expresan con autenticidad.<\/strong> Ya sea participando de una festividad, visitando un santuario o recorriendo pueblos con fuerte identidad espiritual, cada experiencia permite descubrir una dimensi\u00f3n profunda del ser correntino, donde la devoci\u00f3n es parte esencial de su cultura y su forma de vivir.<\/p>\n\n\n\n<figure class=\"wp-block-image size-full\"><img loading=\"lazy\" decoding=\"async\" width=\"1024\" height=\"13\" src=\"https:\/\/pantalla.ar\/turismo\/wp-content\/uploads\/2026\/03\/image-24.png\" alt=\"\" class=\"wp-image-1684\" srcset=\"https:\/\/pantalla.ar\/turismo\/wp-content\/uploads\/2026\/03\/image-24.png 1024w, https:\/\/pantalla.ar\/turismo\/wp-content\/uploads\/2026\/03\/image-24-300x4.png 300w, https:\/\/pantalla.ar\/turismo\/wp-content\/uploads\/2026\/03\/image-24-768x10.png 768w\" sizes=\"auto, (max-width: 1024px) 100vw, 1024px\" \/><\/figure>\n","protected":false},"excerpt":{"rendered":"<p>Destino donde la fe no solo se practica, sino que se vive intensamente en cada pueblo, en cada celebraci\u00f3n y en cada manifestaci\u00f3n cultural. El turismo religioso se convierte aqu\u00ed [&hellip;]<\/p>\n","protected":false},"author":1,"featured_media":0,"parent":0,"menu_order":0,"comment_status":"closed","ping_status":"closed","template":"","meta":{"_acf_changed":false,"footnotes":""},"class_list":["post-1601","page","type-page","status-publish","hentry"],"acf":[],"_links":{"self":[{"href":"https:\/\/pantalla.ar\/turismo\/wp-json\/wp\/v2\/pages\/1601","targetHints":{"allow":["GET"]}}],"collection":[{"href":"https:\/\/pantalla.ar\/turismo\/wp-json\/wp\/v2\/pages"}],"about":[{"href":"https:\/\/pantalla.ar\/turismo\/wp-json\/wp\/v2\/types\/page"}],"author":[{"embeddable":true,"href":"https:\/\/pantalla.ar\/turismo\/wp-json\/wp\/v2\/users\/1"}],"replies":[{"embeddable":true,"href":"https:\/\/pantalla.ar\/turismo\/wp-json\/wp\/v2\/comments?post=1601"}],"version-history":[{"count":15,"href":"https:\/\/pantalla.ar\/turismo\/wp-json\/wp\/v2\/pages\/1601\/revisions"}],"predecessor-version":[{"id":2807,"href":"https:\/\/pantalla.ar\/turismo\/wp-json\/wp\/v2\/pages\/1601\/revisions\/2807"}],"wp:attachment":[{"href":"https:\/\/pantalla.ar\/turismo\/wp-json\/wp\/v2\/media?parent=1601"}],"curies":[{"name":"wp","href":"https:\/\/api.w.org\/{rel}","templated":true}]}}