{"id":1590,"date":"2026-03-16T16:05:40","date_gmt":"2026-03-16T16:05:40","guid":{"rendered":"https:\/\/pantalla.ar\/turismo\/?page_id=1590"},"modified":"2026-04-20T15:06:46","modified_gmt":"2026-04-20T15:06:46","slug":"sol-y-playas","status":"publish","type":"page","link":"https:\/\/pantalla.ar\/turismo\/sol-y-playas\/","title":{"rendered":"Sol y Playas"},"content":{"rendered":"\n<section class=\"sol-playas-section\">\n\n  <div class=\"sol-playas-header\">\n    <p>\n      Descubr\u00ed destinos de Corrientes donde el r\u00edo, la arena y el verano son protagonistas.\n      Eleg\u00ed una localidad y conoc\u00e9 sus propuestas.\n    <\/p>\n  <\/div>\n\n  <div class=\"sol-playas-grid\">\n\n    <a href=\"https:\/\/pantalla.ar\/turismo\/destinos\/corrientes-capital\/\" class=\"sol-card\">\n      <div class=\"sol-card-image\" style=\"background-image:url('https:\/\/pantalla.ar\/turismo\/wp-content\/uploads\/2026\/03\/DSC_0292-1024x812.jpg');\">\n        <div class=\"sol-overlay\"><\/div>\n        <h3>Corrientes Capital<\/h3>\n      <\/div>\n      <div class=\"sol-card-body\">\n        <p>Balnearios urbanos y costanera con servicios y larga temporada de playa.<\/p>\n        <span>Ver destino<\/span>\n      <\/div>\n    <\/a>\n\n    <a href=\"https:\/\/pantalla.ar\/turismo\/destinos\/paso-de-la-patria\/\" class=\"sol-card\">\n      <div class=\"sol-card-image\" style=\"background-image:url('https:\/\/pantalla.ar\/turismo\/wp-content\/uploads\/2026\/03\/image-48-scaled.png');\">\n        <div class=\"sol-overlay\"><\/div>\n        <h3>Paso de la Patria<\/h3>\n      <\/div>\n      <div class=\"sol-card-body\">\n        <p>Playas, paradores y actividades n\u00e1uticas en un destino cl\u00e1sico.<\/p>\n        <span>Ver destino<\/span>\n      <\/div>\n    <\/a>\n\n    <a href=\"https:\/\/pantalla.ar\/turismo\/destinos\/ituzaingo\/\" class=\"sol-card\">\n      <div class=\"sol-card-image\" style=\"background-image:url('https:\/\/pantalla.ar\/turismo\/wp-content\/uploads\/2026\/03\/image-50.png');\">\n        <div class=\"sol-overlay\"><\/div>\n        <h3>Ituzaing\u00f3<\/h3>\n      <\/div>\n      <div class=\"sol-card-body\">\n        <p>Costa sobre el Paran\u00e1 ideal para verano, descanso y naturaleza.<\/p>\n        <span>Ver destino<\/span>\n      <\/div>\n    <\/a>\n\n    <a href=\"https:\/\/pantalla.ar\/turismo\/destinos\/empedrado\/\" class=\"sol-card\">\n      <div class=\"sol-card-image\" style=\"background-image:url('https:\/\/pantalla.ar\/turismo\/wp-content\/uploads\/2026\/03\/image-51.png');\">\n        <div class=\"sol-overlay\"><\/div>\n        <h3>Empedrado<\/h3>\n      <\/div>\n      <div class=\"sol-card-body\">\n        <p>Barrancas y playa con vistas \u00fanicas sobre el r\u00edo Paran\u00e1.<\/p>\n        <span>Ver destino<\/span>\n      <\/div>\n    <\/a>\n\n  <\/div>\n\n  <!-- BOT\u00d3N -->\n  <div class=\"sol-playas-footer\">\n    <a href=\"https:\/\/pantalla.ar\/turismo\/playas-de-corrientes\/\" class=\"sol-btn\">\n      Ver todos los destinos con playas\n    <\/a>\n  <\/div>\n\n<\/section>\n\n\n\n<figure class=\"wp-block-embed is-type-video is-provider-youtube wp-block-embed-youtube wp-embed-aspect-16-9 wp-has-aspect-ratio\"><div class=\"wp-block-embed__wrapper\">\n<iframe loading=\"lazy\" title=\"La temporada de playas mas extensa del pa\u00eds.\" width=\"690\" height=\"388\" src=\"https:\/\/www.youtube.com\/embed\/fQdyioHAXTo?feature=oembed\" frameborder=\"0\" allow=\"accelerometer; autoplay; clipboard-write; encrypted-media; gyroscope; picture-in-picture; web-share\" referrerpolicy=\"strict-origin-when-cross-origin\" allowfullscreen><\/iframe>\n<\/div><\/figure>\n\n\n\n<figure class=\"wp-block-image size-full\"><img loading=\"lazy\" decoding=\"async\" width=\"1024\" height=\"13\" src=\"https:\/\/pantalla.ar\/turismo\/wp-content\/uploads\/2026\/03\/image-24.png\" alt=\"\" class=\"wp-image-1684\" srcset=\"https:\/\/pantalla.ar\/turismo\/wp-content\/uploads\/2026\/03\/image-24.png 1024w, https:\/\/pantalla.ar\/turismo\/wp-content\/uploads\/2026\/03\/image-24-300x4.png 300w, https:\/\/pantalla.ar\/turismo\/wp-content\/uploads\/2026\/03\/image-24-768x10.png 768w\" sizes=\"auto, (max-width: 1024px) 100vw, 1024px\" \/><\/figure>\n\n\n\n<p><strong>R\u00edos y lagunas brillantes con un&nbsp;clima subtropical sin estaci\u00f3n seca, con temperaturas medias que oscilan entre los 25\u00b0C y 35\u00b0C en verano. Esta condici\u00f3n, sumada a su extensa red hidrogr\u00e1fica, permite una&nbsp;temporada balnearia de 7 meses&nbsp;(octubre a abril), la m\u00e1s prolongada del pa\u00eds.<\/strong><\/p>\n\n\n\n<figure class=\"wp-block-image size-large\"><img loading=\"lazy\" decoding=\"async\" width=\"1024\" height=\"807\" src=\"https:\/\/pantalla.ar\/turismo\/wp-content\/uploads\/2026\/04\/dji_fly_20240113_180516_939_1705180011005_pano_optimized-1024x807.jpg\" alt=\"\" class=\"wp-image-3082\" srcset=\"https:\/\/pantalla.ar\/turismo\/wp-content\/uploads\/2026\/04\/dji_fly_20240113_180516_939_1705180011005_pano_optimized-1024x807.jpg 1024w, https:\/\/pantalla.ar\/turismo\/wp-content\/uploads\/2026\/04\/dji_fly_20240113_180516_939_1705180011005_pano_optimized-300x236.jpg 300w, https:\/\/pantalla.ar\/turismo\/wp-content\/uploads\/2026\/04\/dji_fly_20240113_180516_939_1705180011005_pano_optimized-768x605.jpg 768w, https:\/\/pantalla.ar\/turismo\/wp-content\/uploads\/2026\/04\/dji_fly_20240113_180516_939_1705180011005_pano_optimized-1536x1211.jpg 1536w, https:\/\/pantalla.ar\/turismo\/wp-content\/uploads\/2026\/04\/dji_fly_20240113_180516_939_1705180011005_pano_optimized-2048x1614.jpg 2048w\" sizes=\"auto, (max-width: 1024px) 100vw, 1024px\" \/><figcaption class=\"wp-element-caption\">Playa Arazat\u00ed I<\/figcaption><\/figure>\n\n\n\n<p>Las costas correntinas, ba\u00f1adas por el r\u00edo Paran\u00e1 y el r\u00edo Uruguay, junto a sus lagunas interiores, ofrecen un entorno natural perfecto para el descanso, la recreaci\u00f3n y la aventura.&nbsp;<\/p>\n\n\n<div class=\"wp-block-image\">\n<figure class=\"alignleft size-large is-resized\"><img loading=\"lazy\" decoding=\"async\" width=\"1024\" height=\"576\" src=\"https:\/\/pantalla.ar\/turismo\/wp-content\/uploads\/2026\/01\/sol-y-playa-1024x576.jpg\" alt=\"\" class=\"wp-image-1066\" style=\"width:353px;height:auto\" srcset=\"https:\/\/pantalla.ar\/turismo\/wp-content\/uploads\/2026\/01\/sol-y-playa-1024x576.jpg 1024w, https:\/\/pantalla.ar\/turismo\/wp-content\/uploads\/2026\/01\/sol-y-playa-300x169.jpg 300w, https:\/\/pantalla.ar\/turismo\/wp-content\/uploads\/2026\/01\/sol-y-playa-768x432.jpg 768w, https:\/\/pantalla.ar\/turismo\/wp-content\/uploads\/2026\/01\/sol-y-playa-1536x864.jpg 1536w, https:\/\/pantalla.ar\/turismo\/wp-content\/uploads\/2026\/01\/sol-y-playa.jpg 1920w\" sizes=\"auto, (max-width: 1024px) 100vw, 1024px\" \/><figcaption class=\"wp-element-caption\"><em>Playas de Corrientes.<\/em><\/figcaption><\/figure>\n<\/div>\n\n\n<ul class=\"wp-block-list\">\n<li><strong>R\u00edo Paran\u00e1<\/strong> playas de arena fina y aguas templadas.<\/li>\n<\/ul>\n\n\n\n<p>Destinos: Ituzaingo, Ita ibate, Itati, Paso de la Patria, Ciudad de corrientes, Empedrado, Santa Lucia, Bella Vista, Goya y Esquina<\/p>\n\n\n\n<ul class=\"wp-block-list\">\n<li><strong>R\u00edo Uruguay<\/strong>: menor caudal, con balnearios estacionales en zonas de bajo impacto fluvial.<\/li>\n<\/ul>\n\n\n\n<p><strong>Destinos<\/strong>: Monte Caseros, Yapey\u00fa y La Cruz<\/p>\n\n\n\n<ul class=\"wp-block-list\">\n<li><strong>Lagunas interiores<\/strong>: Formaciones l\u00e9nticas con aguas c\u00e1lidas y escasa corriente, ideales para turismo familiar.<\/li>\n<\/ul>\n\n\n\n<p>Destinos: Saladas, Ramada Paso, Caa Cati, San Cosme, 9 de julio, Mburucuya, Loreto.<\/p>\n\n\n\n<h4 class=\"wp-block-heading\">Mapa de zona de playas<\/h4>\n\n\n\n<figure class=\"wp-block-image size-large\"><img loading=\"lazy\" decoding=\"async\" width=\"1024\" height=\"683\" src=\"https:\/\/pantalla.ar\/turismo\/wp-content\/uploads\/2026\/03\/image-20-1024x683.png\" alt=\"\" class=\"wp-image-1638\" srcset=\"https:\/\/pantalla.ar\/turismo\/wp-content\/uploads\/2026\/03\/image-20-1024x683.png 1024w, https:\/\/pantalla.ar\/turismo\/wp-content\/uploads\/2026\/03\/image-20-300x200.png 300w, https:\/\/pantalla.ar\/turismo\/wp-content\/uploads\/2026\/03\/image-20-768x512.png 768w, https:\/\/pantalla.ar\/turismo\/wp-content\/uploads\/2026\/03\/image-20.png 1536w\" sizes=\"auto, (max-width: 1024px) 100vw, 1024px\" \/><\/figure>\n\n\n\n<h4 class=\"wp-block-heading\">Servicios<\/h4>\n\n\n\n<p>Los destinos de sol y playa en Corrientes se caracterizan por una&nbsp;<strong>gesti\u00f3n p\u00fablico-privada<\/strong>, donde el Estado provincial y los municipios garantizan:<\/p>\n\n\n\n<ul class=\"wp-block-list\">\n<li><strong>Servicios b\u00e1sicos gratuitos<\/strong>: sanitarios, duchas, puestos de guardavidas y vigilancia.<\/li>\n\n\n\n<li><strong>Accesibilidad<\/strong>: rampas y pasarelas en balnearios urbanos (ej: Ciudad de Corrientes, Paso de la Patria).<\/li>\n\n\n\n<li><strong>Conectividad<\/strong>: cercan\u00eda a rutas nacionales (RN 12, RN 14) y aeropuertos (Corrientes, Goya).<\/li>\n\n\n\n<li><strong>Gastronom\u00eda<\/strong>: Presencia de&nbsp;<strong>restaurantes y puestos de comida como paradores<\/strong>&nbsp;(pescados de r\u00edo, chip\u00e1, asado).<\/li>\n<\/ul>\n\n\n\n<figure class=\"wp-block-gallery has-nested-images columns-default is-cropped wp-block-gallery-1 is-layout-flex wp-block-gallery-is-layout-flex\">\n<figure class=\"wp-block-image size-large\"><img loading=\"lazy\" decoding=\"async\" width=\"1024\" height=\"735\" data-id=\"3052\" src=\"https:\/\/pantalla.ar\/turismo\/wp-content\/uploads\/2026\/04\/DSC_9243-1024x735.jpg\" alt=\"\" class=\"wp-image-3052\" srcset=\"https:\/\/pantalla.ar\/turismo\/wp-content\/uploads\/2026\/04\/DSC_9243-1024x735.jpg 1024w, https:\/\/pantalla.ar\/turismo\/wp-content\/uploads\/2026\/04\/DSC_9243-300x215.jpg 300w, https:\/\/pantalla.ar\/turismo\/wp-content\/uploads\/2026\/04\/DSC_9243-768x551.jpg 768w, https:\/\/pantalla.ar\/turismo\/wp-content\/uploads\/2026\/04\/DSC_9243-1536x1102.jpg 1536w, https:\/\/pantalla.ar\/turismo\/wp-content\/uploads\/2026\/04\/DSC_9243-2048x1469.jpg 2048w\" sizes=\"auto, (max-width: 1024px) 100vw, 1024px\" \/><\/figure>\n\n\n\n<figure class=\"wp-block-image size-large\"><img loading=\"lazy\" decoding=\"async\" width=\"1024\" height=\"678\" data-id=\"3046\" src=\"https:\/\/pantalla.ar\/turismo\/wp-content\/uploads\/2026\/04\/DSC_9226-1-1024x678.jpg\" alt=\"\" class=\"wp-image-3046\" srcset=\"https:\/\/pantalla.ar\/turismo\/wp-content\/uploads\/2026\/04\/DSC_9226-1-1024x678.jpg 1024w, https:\/\/pantalla.ar\/turismo\/wp-content\/uploads\/2026\/04\/DSC_9226-1-300x199.jpg 300w, https:\/\/pantalla.ar\/turismo\/wp-content\/uploads\/2026\/04\/DSC_9226-1-768x509.jpg 768w, https:\/\/pantalla.ar\/turismo\/wp-content\/uploads\/2026\/04\/DSC_9226-1-1536x1018.jpg 1536w, https:\/\/pantalla.ar\/turismo\/wp-content\/uploads\/2026\/04\/DSC_9226-1-2048x1357.jpg 2048w\" sizes=\"auto, (max-width: 1024px) 100vw, 1024px\" \/><\/figure>\n\n\n\n<figure class=\"wp-block-image size-large\"><img loading=\"lazy\" decoding=\"async\" width=\"1024\" height=\"687\" data-id=\"3057\" src=\"https:\/\/pantalla.ar\/turismo\/wp-content\/uploads\/2026\/04\/DSC0310-1024x687.jpg\" alt=\"\" class=\"wp-image-3057\" srcset=\"https:\/\/pantalla.ar\/turismo\/wp-content\/uploads\/2026\/04\/DSC0310-1024x687.jpg 1024w, https:\/\/pantalla.ar\/turismo\/wp-content\/uploads\/2026\/04\/DSC0310-300x201.jpg 300w, https:\/\/pantalla.ar\/turismo\/wp-content\/uploads\/2026\/04\/DSC0310-768x516.jpg 768w, https:\/\/pantalla.ar\/turismo\/wp-content\/uploads\/2026\/04\/DSC0310-1536x1031.jpg 1536w, https:\/\/pantalla.ar\/turismo\/wp-content\/uploads\/2026\/04\/DSC0310-2048x1375.jpg 2048w\" sizes=\"auto, (max-width: 1024px) 100vw, 1024px\" \/><\/figure>\n\n\n\n<figure class=\"wp-block-image size-large\"><img loading=\"lazy\" decoding=\"async\" width=\"1024\" height=\"683\" data-id=\"3053\" src=\"https:\/\/pantalla.ar\/turismo\/wp-content\/uploads\/2026\/04\/Foto-Enfint-2018-2-1024x683.jpg\" alt=\"\" class=\"wp-image-3053\" srcset=\"https:\/\/pantalla.ar\/turismo\/wp-content\/uploads\/2026\/04\/Foto-Enfint-2018-2-1024x683.jpg 1024w, https:\/\/pantalla.ar\/turismo\/wp-content\/uploads\/2026\/04\/Foto-Enfint-2018-2-300x200.jpg 300w, https:\/\/pantalla.ar\/turismo\/wp-content\/uploads\/2026\/04\/Foto-Enfint-2018-2-768x512.jpg 768w, https:\/\/pantalla.ar\/turismo\/wp-content\/uploads\/2026\/04\/Foto-Enfint-2018-2-1536x1024.jpg 1536w, https:\/\/pantalla.ar\/turismo\/wp-content\/uploads\/2026\/04\/Foto-Enfint-2018-2-2048x1365.jpg 2048w\" sizes=\"auto, (max-width: 1024px) 100vw, 1024px\" \/><\/figure>\n\n\n\n<figure class=\"wp-block-image size-large\"><img loading=\"lazy\" decoding=\"async\" width=\"1024\" height=\"683\" data-id=\"3055\" src=\"https:\/\/pantalla.ar\/turismo\/wp-content\/uploads\/2026\/04\/JLS8548-1024x683.jpg\" alt=\"\" class=\"wp-image-3055\" srcset=\"https:\/\/pantalla.ar\/turismo\/wp-content\/uploads\/2026\/04\/JLS8548-1024x683.jpg 1024w, https:\/\/pantalla.ar\/turismo\/wp-content\/uploads\/2026\/04\/JLS8548-300x200.jpg 300w, https:\/\/pantalla.ar\/turismo\/wp-content\/uploads\/2026\/04\/JLS8548-768x512.jpg 768w, https:\/\/pantalla.ar\/turismo\/wp-content\/uploads\/2026\/04\/JLS8548-1536x1024.jpg 1536w, https:\/\/pantalla.ar\/turismo\/wp-content\/uploads\/2026\/04\/JLS8548.jpg 2048w\" sizes=\"auto, (max-width: 1024px) 100vw, 1024px\" \/><\/figure>\n\n\n\n<figure class=\"wp-block-image size-full\"><img loading=\"lazy\" decoding=\"async\" width=\"800\" height=\"523\" data-id=\"3056\" src=\"https:\/\/pantalla.ar\/turismo\/wp-content\/uploads\/2026\/04\/parapente.jpg\" alt=\"\" class=\"wp-image-3056\" srcset=\"https:\/\/pantalla.ar\/turismo\/wp-content\/uploads\/2026\/04\/parapente.jpg 800w, https:\/\/pantalla.ar\/turismo\/wp-content\/uploads\/2026\/04\/parapente-300x196.jpg 300w, https:\/\/pantalla.ar\/turismo\/wp-content\/uploads\/2026\/04\/parapente-768x502.jpg 768w\" sizes=\"auto, (max-width: 800px) 100vw, 800px\" \/><\/figure>\n<\/figure>\n\n\n\n<p><\/p>\n","protected":false},"excerpt":{"rendered":"<p>Descubr\u00ed destinos de Corrientes donde el r\u00edo, la arena y el verano son protagonistas. Eleg\u00ed una localidad y conoc\u00e9 sus propuestas. Corrientes Capital Balnearios urbanos y costanera con servicios y [&hellip;]<\/p>\n","protected":false},"author":1,"featured_media":0,"parent":0,"menu_order":0,"comment_status":"closed","ping_status":"closed","template":"","meta":{"_acf_changed":false,"footnotes":""},"class_list":["post-1590","page","type-page","status-publish","hentry"],"acf":[],"_links":{"self":[{"href":"https:\/\/pantalla.ar\/turismo\/wp-json\/wp\/v2\/pages\/1590","targetHints":{"allow":["GET"]}}],"collection":[{"href":"https:\/\/pantalla.ar\/turismo\/wp-json\/wp\/v2\/pages"}],"about":[{"href":"https:\/\/pantalla.ar\/turismo\/wp-json\/wp\/v2\/types\/page"}],"author":[{"embeddable":true,"href":"https:\/\/pantalla.ar\/turismo\/wp-json\/wp\/v2\/users\/1"}],"replies":[{"embeddable":true,"href":"https:\/\/pantalla.ar\/turismo\/wp-json\/wp\/v2\/comments?post=1590"}],"version-history":[{"count":24,"href":"https:\/\/pantalla.ar\/turismo\/wp-json\/wp\/v2\/pages\/1590\/revisions"}],"predecessor-version":[{"id":3084,"href":"https:\/\/pantalla.ar\/turismo\/wp-json\/wp\/v2\/pages\/1590\/revisions\/3084"}],"wp:attachment":[{"href":"https:\/\/pantalla.ar\/turismo\/wp-json\/wp\/v2\/media?parent=1590"}],"curies":[{"name":"wp","href":"https:\/\/api.w.org\/{rel}","templated":true}]}}