{"id":1580,"date":"2026-03-16T15:50:38","date_gmt":"2026-03-16T15:50:38","guid":{"rendered":"https:\/\/pantalla.ar\/turismo\/?page_id=1580"},"modified":"2026-04-13T13:07:06","modified_gmt":"2026-04-13T13:07:06","slug":"esteros-del-ibera","status":"publish","type":"page","link":"https:\/\/pantalla.ar\/turismo\/esteros-del-ibera\/","title":{"rendered":"Esteros del Iber\u00e1"},"content":{"rendered":"\n<p><strong>Diversidad en estado natural, los&nbsp;Esteros del Iber\u00e1&nbsp;como su principal atractivo, ofrece una experiencia tur\u00edstica integral que combina naturaleza, gastronom\u00eda y cultura.&nbsp;<\/strong><\/p>\n\n\n\n<style>\n.portales-grid { display: grid; grid-template-columns: repeat(5, 1fr); gap: 4px; width: 100%; }\n.portales-cell { position: relative; overflow: hidden; height: 180px; cursor: pointer; }\n.portales-cell a { display: block; width: 100%; height: 100%; text-decoration: none; }\n.portales-bg { width: 100%; height: 100%; background-size: cover; background-position: center; transition: transform 0.4s ease; }\n.portales-cell:hover .portales-bg { transform: scale(1.08); }\n.portales-title { position: absolute; bottom: 0; left: 0; right: 0; padding: 10px 12px; background: linear-gradient(to top, rgba(0,0,0,0.7), transparent); color: white; font-family: 'Rubik', sans-serif; pointer-events: none; }\n.portales-title span.label { display: block; font-size: 10px; font-weight: 400; letter-spacing: 0.12em; text-transform: uppercase; opacity: 0.85; }\n.portales-title span.name { display: block; font-size: 15px; font-weight: 600; letter-spacing: 0.02em; line-height: 1.2; }\n@media (max-width: 600px) {\n  .portales-grid { grid-template-columns: repeat(2, 1fr); }\n  .portales-cell { height: 140px; }\n}\n<\/style>\n\n<div class=\"portales-grid\">\n\n  <div class=\"portales-cell\">\n    <a href=\"https:\/\/pantalla.ar\/turismo\/tour\/portal-galarza\/\">\n      <div class=\"portales-bg\" style=\"background-image: url('https:\/\/pantalla.ar\/turismo\/wp-content\/uploads\/2026\/03\/image-37-720x540.png');\"><\/div>\n    <\/a>\n    <div class=\"portales-title\">\n      <span class=\"label\">Portal<\/span>\n      <span class=\"name\">Galarza<\/span>\n    <\/div>\n  <\/div>\n\n  <div class=\"portales-cell\">\n    <a href=\"https:\/\/pantalla.ar\/turismo\/tour\/portal-san-antonio\/\">\n      <div class=\"portales-bg\" style=\"background-image: url('https:\/\/pantalla.ar\/turismo\/wp-content\/uploads\/2026\/03\/image-38-720x560.png');\"><\/div>\n    <\/a>\n    <div class=\"portales-title\">\n      <span class=\"label\">Portal<\/span>\n      <span class=\"name\">San Antonio<\/span>\n    <\/div>\n  <\/div>\n\n  <div class=\"portales-cell\">\n    <a href=\"https:\/\/pantalla.ar\/turismo\/tour\/portal-mburucuya\/\">\n      <div class=\"portales-bg\" style=\"background-image: url('https:\/\/pantalla.ar\/turismo\/wp-content\/uploads\/2026\/03\/image-39.png');\"><\/div>\n    <\/a>\n    <div class=\"portales-title\">\n      <span class=\"label\">Portal<\/span>\n      <span class=\"name\">Mburucuy\u00e1<\/span>\n    <\/div>\n  <\/div>\n\n  <div class=\"portales-cell\">\n    <a href=\"https:\/\/pantalla.ar\/turismo\/tour\/portal-rio-corriente\/\">\n      <div class=\"portales-bg\" style=\"background-image: url('https:\/\/pantalla.ar\/turismo\/wp-content\/uploads\/2026\/03\/image-41-720x560.png');\"><\/div>\n    <\/a>\n    <div class=\"portales-title\">\n      <span class=\"label\">Portal<\/span>\n      <span class=\"name\">R\u00edo Corriente<\/span>\n    <\/div>\n  <\/div>\n\n  <div class=\"portales-cell\">\n    <a href=\"https:\/\/pantalla.ar\/turismo\/tour\/portal-capivari\/\">\n      <div class=\"portales-bg\" style=\"background-image: url('https:\/\/pantalla.ar\/turismo\/wp-content\/uploads\/2026\/01\/Ibera-Carambola-MatiasRebak-19-720x560.jpg');\"><\/div>\n    <\/a>\n    <div class=\"portales-title\">\n      <span class=\"label\">Portal<\/span>\n      <span class=\"name\">Capivar\u00ed<\/span>\n    <\/div>\n  <\/div>\n\n  <div class=\"portales-cell\">\n    <a href=\"https:\/\/pantalla.ar\/turismo\/tour\/portal-uguay\/\">\n      <div class=\"portales-bg\" style=\"background-image: url('https:\/\/pantalla.ar\/turismo\/wp-content\/uploads\/2026\/03\/image-40.png');\"><\/div>\n    <\/a>\n    <div class=\"portales-title\">\n      <span class=\"label\">Portal<\/span>\n      <span class=\"name\">Uguay<\/span>\n    <\/div>\n  <\/div>\n\n  <div class=\"portales-cell\">\n    <a href=\"https:\/\/pantalla.ar\/turismo\/tour\/portal-laguna-ibera-colonia-carlos-pellegrini\/\">\n      <div class=\"portales-bg\" style=\"background-image: url('https:\/\/pantalla.ar\/turismo\/wp-content\/uploads\/2026\/03\/WAG_0227-720x560.jpg');\"><\/div>\n    <\/a>\n    <div class=\"portales-title\">\n      <span class=\"label\">Portal<\/span>\n      <span class=\"name\">Laguna Iber\u00e1<\/span>\n    <\/div>\n  <\/div>\n\n  <div class=\"portales-cell\">\n    <a href=\"https:\/\/pantalla.ar\/turismo\/tour\/portal-carambola\/\">\n      <div class=\"portales-bg\" style=\"background-image: url('https:\/\/pantalla.ar\/turismo\/wp-content\/uploads\/2026\/01\/image-720x560.png');\"><\/div>\n    <\/a>\n    <div class=\"portales-title\">\n      <span class=\"label\">Portal<\/span>\n      <span class=\"name\">Carambola<\/span>\n    <\/div>\n  <\/div>\n\n  <div class=\"portales-cell\">\n    <a href=\"https:\/\/pantalla.ar\/turismo\/tour\/portal-cambyreta\/\">\n      <div class=\"portales-bg\" style=\"background-image: url('https:\/\/pantalla.ar\/turismo\/wp-content\/uploads\/2017\/11\/Portal-Cambyreta-Matias-Rebak-14-1-720x560.jpg');\"><\/div>\n    <\/a>\n    <div class=\"portales-title\">\n      <span class=\"label\">Portal<\/span>\n      <span class=\"name\">Cambyret\u00e1<\/span>\n    <\/div>\n  <\/div>\n\n  <div class=\"portales-cell\">\n    <a href=\"https:\/\/pantalla.ar\/turismo\/tour\/magical-maldives\/\">\n      <div class=\"portales-bg\" style=\"background-image: url('https:\/\/pantalla.ar\/turismo\/wp-content\/uploads\/2017\/11\/Portal-San-Nicolas-Matias-Rebak-20-720x560.jpg');\"><\/div>\n    <\/a>\n    <div class=\"portales-title\">\n      <span class=\"label\">Portal<\/span>\n      <span class=\"name\">San Nicol\u00e1s<\/span>\n    <\/div>\n  <\/div>\n\n<\/div>\n\n\n\n<figure class=\"wp-block-image size-full\"><img loading=\"lazy\" decoding=\"async\" width=\"1024\" height=\"13\" src=\"https:\/\/pantalla.ar\/turismo\/wp-content\/uploads\/2026\/03\/image-24.png\" alt=\"\" class=\"wp-image-1684\" srcset=\"https:\/\/pantalla.ar\/turismo\/wp-content\/uploads\/2026\/03\/image-24.png 1024w, https:\/\/pantalla.ar\/turismo\/wp-content\/uploads\/2026\/03\/image-24-300x4.png 300w, https:\/\/pantalla.ar\/turismo\/wp-content\/uploads\/2026\/03\/image-24-768x10.png 768w\" sizes=\"auto, (max-width: 1024px) 100vw, 1024px\" \/><\/figure>\n\n\n\n<figure class=\"wp-block-embed is-type-video is-provider-youtube wp-block-embed-youtube wp-embed-aspect-16-9 wp-has-aspect-ratio\"><div class=\"wp-block-embed__wrapper\">\n<iframe loading=\"lazy\" title=\"La experiencia con mas naturaleza de Argentina.\" width=\"690\" height=\"388\" src=\"https:\/\/www.youtube.com\/embed\/HYftsexyblE?feature=oembed\" frameborder=\"0\" allow=\"accelerometer; autoplay; clipboard-write; encrypted-media; gyroscope; picture-in-picture; web-share\" referrerpolicy=\"strict-origin-when-cross-origin\" allowfullscreen><\/iframe>\n<\/div><\/figure>\n\n\n\n<p>Este destino no solo se destaca por su biodiversidad y proyectos de conservaci\u00f3n, sino tambi\u00e9n por su riqueza cultural y el profundo proceso de transformaci\u00f3n que han vivido las comunidades locales. Este cambio ha sido impulsado por el turismo sostenible, que se ha convertido en una herramienta transformadora para el desarrollo econ\u00f3mico y social de la regi\u00f3n.<\/p>\n\n\n\n<p>Este vasto humedal, <strong>uno de los m\u00e1s grandes de Sudamerica<\/strong>, abarca aproximadamente 1.3 millones de hect\u00e1reas en el coraz\u00f3n de la provincia, convirti\u00e9ndose en un im\u00e1n para turistas nacionales e internacionales que buscan experiencias aut\u00e9nticas en contacto con la naturaleza.<\/p>\n\n\n\n<figure class=\"wp-block-gallery has-nested-images columns-default is-cropped wp-block-gallery-1 is-layout-flex wp-block-gallery-is-layout-flex\">\n<figure class=\"wp-block-image size-large\"><img loading=\"lazy\" decoding=\"async\" width=\"1024\" height=\"683\" data-id=\"2856\" src=\"https:\/\/pantalla.ar\/turismo\/wp-content\/uploads\/2026\/04\/2siaFPT2.jpeg-1-1024x683.jpg\" alt=\"\" class=\"wp-image-2856\" srcset=\"https:\/\/pantalla.ar\/turismo\/wp-content\/uploads\/2026\/04\/2siaFPT2.jpeg-1-1024x683.jpg 1024w, https:\/\/pantalla.ar\/turismo\/wp-content\/uploads\/2026\/04\/2siaFPT2.jpeg-1-300x200.jpg 300w, https:\/\/pantalla.ar\/turismo\/wp-content\/uploads\/2026\/04\/2siaFPT2.jpeg-1-768x512.jpg 768w, https:\/\/pantalla.ar\/turismo\/wp-content\/uploads\/2026\/04\/2siaFPT2.jpeg-1-1536x1024.jpg 1536w, https:\/\/pantalla.ar\/turismo\/wp-content\/uploads\/2026\/04\/2siaFPT2.jpeg-1-2048x1365.jpg 2048w\" sizes=\"auto, (max-width: 1024px) 100vw, 1024px\" \/><\/figure>\n<\/figure>\n\n\n\n<figure class=\"wp-block-image size-full is-resized\"><img loading=\"lazy\" decoding=\"async\" width=\"1024\" height=\"13\" src=\"https:\/\/pantalla.ar\/turismo\/wp-content\/uploads\/2026\/03\/image-24.png\" alt=\"\" class=\"wp-image-1684\" style=\"aspect-ratio:78.9041095890411;width:1578px;height:auto\" srcset=\"https:\/\/pantalla.ar\/turismo\/wp-content\/uploads\/2026\/03\/image-24.png 1024w, https:\/\/pantalla.ar\/turismo\/wp-content\/uploads\/2026\/03\/image-24-300x4.png 300w, https:\/\/pantalla.ar\/turismo\/wp-content\/uploads\/2026\/03\/image-24-768x10.png 768w\" sizes=\"auto, (max-width: 1024px) 100vw, 1024px\" \/><\/figure>\n\n\n\n<p>Los Esteros del Iber\u00e1 son un ecosistema de humedales que combina lagunas, esteros, ba\u00f1ados y embalsados, creando un paisaje \u00fanico y biodiverso. Este destino se destaca por:<\/p>\n\n\n<div class=\"wp-block-image\">\n<figure class=\"alignleft size-large is-resized\"><img loading=\"lazy\" decoding=\"async\" width=\"1024\" height=\"673\" src=\"https:\/\/pantalla.ar\/turismo\/wp-content\/uploads\/2026\/03\/image-26-1024x673.png\" alt=\"\" class=\"wp-image-1740\" style=\"aspect-ratio:1.521551724137931;width:256px;height:auto\" srcset=\"https:\/\/pantalla.ar\/turismo\/wp-content\/uploads\/2026\/03\/image-26-1024x673.png 1024w, https:\/\/pantalla.ar\/turismo\/wp-content\/uploads\/2026\/03\/image-26-300x197.png 300w, https:\/\/pantalla.ar\/turismo\/wp-content\/uploads\/2026\/03\/image-26-768x505.png 768w, https:\/\/pantalla.ar\/turismo\/wp-content\/uploads\/2026\/03\/image-26.png 1372w\" sizes=\"auto, (max-width: 1024px) 100vw, 1024px\" \/><figcaption class=\"wp-element-caption\"><em>Corrientes es fundamental en la conservaci\u00f3n y la reintroducci\u00f3n de especies extintas como el yaguaret\u00e9.<\/em><\/figcaption><\/figure>\n<\/div>\n\n\n<ul class=\"wp-block-list\">\n<li><strong>Biodiversidad excepcional<\/strong>: Hogar de una gran variedad de especies, como el yacar\u00e9, el carpincho (el roedor m\u00e1s grande del mundo), el ciervo de los pantanos y una gran diversidad de aves, incluyendo especies emblem\u00e1ticas como el yetap\u00e1 de collar y el \u00e1guila coronada.<\/li>\n\n\n\n<li><strong>Conservaci\u00f3n y rewilding<\/strong>: Corrientes juega un papel fundamental en la conservaci\u00f3n y la reintroducci\u00f3n de especies extintas en la regi\u00f3n, como el yaguaret\u00e9, el oso hormiguero gigante y el guacamayo rojo. Este esfuerzo, liderado por organizaciones como&nbsp;<strong>Rewilding Argentina<\/strong>, ha convertido a los Esteros en un modelo global de restauraci\u00f3n ecol\u00f3gica.<\/li>\n\n\n\n<li><strong>Experiencias \u00fanicas<\/strong>: Los visitantes pueden disfrutar de actividades como navegaci\u00f3n en lancha o canoa a botador, avistamiento de fauna, senderismo, cabalgatas y safaris fotogr\u00e1ficos, siempre con un enfoque en el turismo sostenible y responsable.<\/li>\n<\/ul>\n\n\n\n<figure class=\"wp-block-image size-full\"><img loading=\"lazy\" decoding=\"async\" width=\"1024\" height=\"13\" src=\"https:\/\/pantalla.ar\/turismo\/wp-content\/uploads\/2026\/03\/image-24.png\" alt=\"\" class=\"wp-image-1684\" srcset=\"https:\/\/pantalla.ar\/turismo\/wp-content\/uploads\/2026\/03\/image-24.png 1024w, https:\/\/pantalla.ar\/turismo\/wp-content\/uploads\/2026\/03\/image-24-300x4.png 300w, https:\/\/pantalla.ar\/turismo\/wp-content\/uploads\/2026\/03\/image-24-768x10.png 768w\" sizes=\"auto, (max-width: 1024px) 100vw, 1024px\" \/><\/figure>\n\n\n\n<h4 class=\"wp-block-heading\"><\/h4>\n\n\n\n<h4 class=\"wp-block-heading\"><strong>10 Portales de Acceso: Diversidad de Experiencias<\/strong><\/h4>\n\n\n\n<p>Los Esteros del Iber\u00e1 cuentan con&nbsp;<strong>10 portales de acceso<\/strong>, cada uno con caracter\u00edsticas particulares en cuanto a flora, fauna y oferta tur\u00edstica. Esto permite a los visitantes elegir entre diferentes experiencias seg\u00fan sus intereses:<\/p>\n\n\n\n<figure class=\"wp-block-image size-large\"><img loading=\"lazy\" decoding=\"async\" width=\"1017\" height=\"1024\" src=\"https:\/\/pantalla.ar\/turismo\/wp-content\/uploads\/2026\/03\/image-1017x1024.jpeg\" alt=\"\" class=\"wp-image-1581\" srcset=\"https:\/\/pantalla.ar\/turismo\/wp-content\/uploads\/2026\/03\/image-1017x1024.jpeg 1017w, https:\/\/pantalla.ar\/turismo\/wp-content\/uploads\/2026\/03\/image-298x300.jpeg 298w, https:\/\/pantalla.ar\/turismo\/wp-content\/uploads\/2026\/03\/image-150x150.jpeg 150w, https:\/\/pantalla.ar\/turismo\/wp-content\/uploads\/2026\/03\/image-768x773.jpeg 768w, https:\/\/pantalla.ar\/turismo\/wp-content\/uploads\/2026\/03\/image.jpeg 1026w\" sizes=\"auto, (max-width: 1017px) 100vw, 1017px\" \/><figcaption class=\"wp-element-caption\">Portales de acceso a Iber\u00e1.<\/figcaption><\/figure>\n\n\n\n<figure class=\"wp-block-image size-full\"><img loading=\"lazy\" decoding=\"async\" width=\"1024\" height=\"13\" src=\"https:\/\/pantalla.ar\/turismo\/wp-content\/uploads\/2026\/03\/image-24.png\" alt=\"\" class=\"wp-image-1684\" srcset=\"https:\/\/pantalla.ar\/turismo\/wp-content\/uploads\/2026\/03\/image-24.png 1024w, https:\/\/pantalla.ar\/turismo\/wp-content\/uploads\/2026\/03\/image-24-300x4.png 300w, https:\/\/pantalla.ar\/turismo\/wp-content\/uploads\/2026\/03\/image-24-768x10.png 768w\" sizes=\"auto, (max-width: 1024px) 100vw, 1024px\" \/><\/figure>\n\n\n\n<p>ESTADO DE CAMINOS DE ACCESOS<\/p>\n","protected":false},"excerpt":{"rendered":"<p>Diversidad en estado natural, los&nbsp;Esteros del Iber\u00e1&nbsp;como su principal atractivo, ofrece una experiencia tur\u00edstica integral que combina naturaleza, gastronom\u00eda y cultura.&nbsp; Portal Galarza Portal San Antonio Portal Mburucuy\u00e1 Portal R\u00edo [&hellip;]<\/p>\n","protected":false},"author":1,"featured_media":0,"parent":0,"menu_order":0,"comment_status":"closed","ping_status":"closed","template":"","meta":{"_acf_changed":false,"footnotes":""},"class_list":["post-1580","page","type-page","status-publish","hentry"],"acf":[],"_links":{"self":[{"href":"https:\/\/pantalla.ar\/turismo\/wp-json\/wp\/v2\/pages\/1580","targetHints":{"allow":["GET"]}}],"collection":[{"href":"https:\/\/pantalla.ar\/turismo\/wp-json\/wp\/v2\/pages"}],"about":[{"href":"https:\/\/pantalla.ar\/turismo\/wp-json\/wp\/v2\/types\/page"}],"author":[{"embeddable":true,"href":"https:\/\/pantalla.ar\/turismo\/wp-json\/wp\/v2\/users\/1"}],"replies":[{"embeddable":true,"href":"https:\/\/pantalla.ar\/turismo\/wp-json\/wp\/v2\/comments?post=1580"}],"version-history":[{"count":43,"href":"https:\/\/pantalla.ar\/turismo\/wp-json\/wp\/v2\/pages\/1580\/revisions"}],"predecessor-version":[{"id":2858,"href":"https:\/\/pantalla.ar\/turismo\/wp-json\/wp\/v2\/pages\/1580\/revisions\/2858"}],"wp:attachment":[{"href":"https:\/\/pantalla.ar\/turismo\/wp-json\/wp\/v2\/media?parent=1580"}],"curies":[{"name":"wp","href":"https:\/\/api.w.org\/{rel}","templated":true}]}}