{"id":1323,"date":"2026-03-12T21:57:50","date_gmt":"2026-03-12T21:57:50","guid":{"rendered":"https:\/\/pantalla.ar\/turismo\/?page_id=1323"},"modified":"2026-05-11T01:48:30","modified_gmt":"2026-05-11T01:48:30","slug":"como-llegar","status":"publish","type":"page","link":"https:\/\/pantalla.ar\/turismo\/como-llegar\/","title":{"rendered":"C\u00f3mo llegar"},"content":{"rendered":"\n<style>\nh4 {\nline-height: 26px;\nletter-spacing: 0.01rem;\n}\n<\/style>\n\n\n\n<h4 class=\"wp-block-heading\">La ciudad de Corrientes, capital de la provincia, se encuentra ubicada en el nordeste de Argentina, a orillas del r\u00edo Paran\u00e1. Gracias a su posici\u00f3n estrat\u00e9gica dentro de la regi\u00f3n Litoral, posee diversas v\u00edas de acceso terrestre, a\u00e9reo y fluvial que la conectan con los principales centros urbanos del pa\u00eds y con pa\u00edses lim\u00edtrofes.<\/h4>\n\n\n\n<figure class=\"wp-block-image size-full is-resized\" id=\"por-tierra\"><img loading=\"lazy\" decoding=\"async\" width=\"1024\" height=\"13\" src=\"https:\/\/pantalla.ar\/turismo\/wp-content\/uploads\/2026\/03\/image-24.png\" alt=\"\" class=\"wp-image-1684\" style=\"width:1575px;height:auto\" srcset=\"https:\/\/pantalla.ar\/turismo\/wp-content\/uploads\/2026\/03\/image-24.png 1024w, https:\/\/pantalla.ar\/turismo\/wp-content\/uploads\/2026\/03\/image-24-300x4.png 300w, https:\/\/pantalla.ar\/turismo\/wp-content\/uploads\/2026\/03\/image-24-768x10.png 768w\" sizes=\"auto, (max-width: 1024px) 100vw, 1024px\" \/><\/figure>\n\n\n\n<figure class=\"wp-block-image size-large\"><img loading=\"lazy\" decoding=\"async\" width=\"1024\" height=\"154\" src=\"https:\/\/pantalla.ar\/turismo\/wp-content\/uploads\/2026\/04\/portada-tierra-1024x154.png\" alt=\"\" class=\"wp-image-2669\" srcset=\"https:\/\/pantalla.ar\/turismo\/wp-content\/uploads\/2026\/04\/portada-tierra-1024x154.png 1024w, https:\/\/pantalla.ar\/turismo\/wp-content\/uploads\/2026\/04\/portada-tierra-300x45.png 300w, https:\/\/pantalla.ar\/turismo\/wp-content\/uploads\/2026\/04\/portada-tierra-768x115.png 768w, https:\/\/pantalla.ar\/turismo\/wp-content\/uploads\/2026\/04\/portada-tierra-1536x230.png 1536w, https:\/\/pantalla.ar\/turismo\/wp-content\/uploads\/2026\/04\/portada-tierra.png 1920w\" sizes=\"auto, (max-width: 1024px) 100vw, 1024px\" \/><\/figure>\n\n\n\n<h2 class=\"wp-block-heading\">Por tierra<\/h2>\n\n\n\n<p>El acceso terrestre es una de las principales v\u00edas de ingreso a la provincia. Corrientes se conecta con el resto del pa\u00eds a trav\u00e9s de corredores estrat\u00e9gicos como las rutas nacionales 12, 14 y 16, adem\u00e1s del Puente General Manuel Belgrano, que la vincula con la ciudad de Resistencia.<\/p>\n\n\n\n<figure class=\"wp-block-image size-large\"><img loading=\"lazy\" decoding=\"async\" width=\"1024\" height=\"637\" src=\"https:\/\/pantalla.ar\/turismo\/wp-content\/uploads\/2026\/03\/mapas-como-llegar__02-1024x637.png\" alt=\"\" class=\"wp-image-1412\" srcset=\"https:\/\/pantalla.ar\/turismo\/wp-content\/uploads\/2026\/03\/mapas-como-llegar__02-1024x637.png 1024w, https:\/\/pantalla.ar\/turismo\/wp-content\/uploads\/2026\/03\/mapas-como-llegar__02-300x187.png 300w, https:\/\/pantalla.ar\/turismo\/wp-content\/uploads\/2026\/03\/mapas-como-llegar__02-768x478.png 768w, https:\/\/pantalla.ar\/turismo\/wp-content\/uploads\/2026\/03\/mapas-como-llegar__02.png 1308w\" sizes=\"auto, (max-width: 1024px) 100vw, 1024px\" \/><\/figure>\n\n\n\n<p>La ciudad capital cuenta adem\u00e1s con Terminal de \u00d3mnibus, desde donde operan servicios nacionales, provinciales y conexiones regionales.<\/p>\n\n\n\n<figure class=\"wp-block-image size-large\"><img loading=\"lazy\" decoding=\"async\" width=\"1024\" height=\"928\" src=\"https:\/\/pantalla.ar\/turismo\/wp-content\/uploads\/2026\/05\/rutas-de-corrientes-post-1024x928.png\" alt=\"\" class=\"wp-image-3365\" srcset=\"https:\/\/pantalla.ar\/turismo\/wp-content\/uploads\/2026\/05\/rutas-de-corrientes-post-1024x928.png 1024w, https:\/\/pantalla.ar\/turismo\/wp-content\/uploads\/2026\/05\/rutas-de-corrientes-post-300x272.png 300w, https:\/\/pantalla.ar\/turismo\/wp-content\/uploads\/2026\/05\/rutas-de-corrientes-post-768x696.png 768w, https:\/\/pantalla.ar\/turismo\/wp-content\/uploads\/2026\/05\/rutas-de-corrientes-post.png 1183w\" sizes=\"auto, (max-width: 1024px) 100vw, 1024px\" \/><\/figure>\n\n\n\n<figure class=\"wp-block-image size-full\" id=\"por-aire\"><img loading=\"lazy\" decoding=\"async\" width=\"1024\" height=\"13\" src=\"https:\/\/pantalla.ar\/turismo\/wp-content\/uploads\/2026\/03\/image-24.png\" alt=\"\" class=\"wp-image-1684\" srcset=\"https:\/\/pantalla.ar\/turismo\/wp-content\/uploads\/2026\/03\/image-24.png 1024w, https:\/\/pantalla.ar\/turismo\/wp-content\/uploads\/2026\/03\/image-24-300x4.png 300w, https:\/\/pantalla.ar\/turismo\/wp-content\/uploads\/2026\/03\/image-24-768x10.png 768w\" sizes=\"auto, (max-width: 1024px) 100vw, 1024px\" \/><\/figure>\n\n\n\n<figure class=\"wp-block-image size-large\"><img loading=\"lazy\" decoding=\"async\" width=\"1024\" height=\"154\" src=\"https:\/\/pantalla.ar\/turismo\/wp-content\/uploads\/2026\/04\/portada-aire-1024x154.png\" alt=\"\" class=\"wp-image-2671\" srcset=\"https:\/\/pantalla.ar\/turismo\/wp-content\/uploads\/2026\/04\/portada-aire-1024x154.png 1024w, https:\/\/pantalla.ar\/turismo\/wp-content\/uploads\/2026\/04\/portada-aire-300x45.png 300w, https:\/\/pantalla.ar\/turismo\/wp-content\/uploads\/2026\/04\/portada-aire-768x115.png 768w, https:\/\/pantalla.ar\/turismo\/wp-content\/uploads\/2026\/04\/portada-aire-1536x230.png 1536w, https:\/\/pantalla.ar\/turismo\/wp-content\/uploads\/2026\/04\/portada-aire.png 1920w\" sizes=\"auto, (max-width: 1024px) 100vw, 1024px\" \/><\/figure>\n\n\n\n<h2 class=\"wp-block-heading\">Por aire<\/h2>\n\n\n\n<p>La capital provincial dispone del Aeropuerto Internacional Doctor Fernando Piragine Niveyro, ubicado a pocos kil\u00f3metros del centro de la ciudad. Desde all\u00ed se canaliza la conectividad a\u00e9rea regular con Buenos Aires y otras ciudades mediante conexiones.<\/p>\n\n\n\n<p>La oferta a\u00e9rea se complementa con otros aeropuertos y aer\u00f3dromos de la regi\u00f3n, fortaleciendo la accesibilidad del destino.<\/p>\n\n\n\n<div class=\"cg-box-more cg-box-more--blue\">\n  <button class=\"cg-more-toggle\" type=\"button\">\n    <span>Ver m\u00e1s sobre accesos a\u00e9reos<\/span>\n    <span class=\"cg-more-icon\">+<\/span>\n  <\/button>\n\n  <div class=\"cg-more-content\">\n    <h3>Aeropuerto<\/h3>\n    <p>La ciudad dispone del <strong>Aeropuerto Internacional Doctor Fernando Piragine Niveyro<\/strong>, tambi\u00e9n conocido como <strong>Aeropuerto Camb\u00e1 Punta<\/strong>, ubicado a aproximadamente 10 km del centro de la ciudad.<\/p>\n<figure class=\"alignright size-large is-resized\"><img loading=\"lazy\" decoding=\"async\" width=\"1024\" height=\"745\" src=\"https:\/\/pantalla.ar\/turismo\/wp-content\/uploads\/2026\/03\/image-12-1024x745.png\" alt=\"\" class=\"wp-image-1504\" style=\"aspect-ratio:1.375029840057293;width:314px;height:auto\" srcset=\"https:\/\/pantalla.ar\/turismo\/wp-content\/uploads\/2026\/03\/image-12-1024x745.png 1024w, https:\/\/pantalla.ar\/turismo\/wp-content\/uploads\/2026\/03\/image-12-300x218.png 300w, https:\/\/pantalla.ar\/turismo\/wp-content\/uploads\/2026\/03\/image-12-768x559.png 768w, https:\/\/pantalla.ar\/turismo\/wp-content\/uploads\/2026\/03\/image-12-1536x1117.png 1536w, https:\/\/pantalla.ar\/turismo\/wp-content\/uploads\/2026\/03\/image-12.png 1771w\" sizes=\"auto, (max-width: 1024px) 100vw, 1024px\"><figcaption class=\"wp-element-caption\">Aeropuerto Dr. Fernando Piragine Niveyro<\/figcaption><\/figure>\n    <p>Este aeropuerto centraliza el tr\u00e1fico a\u00e9reo de la capital provincial y ofrece conexiones regulares con:<\/p>\n\n    <ul>\n      <li><strong>Ciudad de Buenos Aires<\/strong><\/li>\n      <li><strong>Otras ciudades del pa\u00eds mediante escalas o conexiones<\/strong><\/li>\n    <\/ul>\n\n    <p>La provincia tambi\u00e9n cuenta con otros aer\u00f3dromos distribuidos en distintas localidades, que complementan la conectividad a\u00e9rea regional.<\/p>\n\n    <h3>Empresas a\u00e9reas<\/h3>\n    <p><strong>Aerol\u00edneas Argentinas<\/strong><br>\n    Direcci\u00f3n: Aeropuerto Internacional Dr. Fernando Piragine Niveyro, Ruta 12 Km 1020, Corrientes<br>\n    Web: <a href=\"https:\/\/www.aerolineas.com.ar\/\" target=\"_blank\" rel=\"noopener noreferrer\">www.aerolineas.com.ar<\/a><\/p>\n\n    <p><strong>Flybondi<\/strong><br>\n    Direcci\u00f3n: Aeropuerto Internacional Dr. Fernando Piragine Niveyro, Ruta 12 Km 1020, Corrientes<br>\n    Web: <a href=\"https:\/\/flybondi.com\/ar\" target=\"_blank\" rel=\"noopener noreferrer\">flybondi.com\/ar<\/a><\/p>\n\n    <p><strong>JetSMART<\/strong><br>\n    Direcci\u00f3n: Aeropuerto Internacional Resistencia, Ruta Nacional 11 Km 1003-5, Resistencia<br>\n    Web: <a href=\"https:\/\/jetsmart.com\/ar\/es\/\" target=\"_blank\" rel=\"noopener noreferrer\">jetsmart.com\/ar\/es<\/a><\/p>\n\n    <div class=\"cg-sub-more\">\n      <button class=\"cg-sub-toggle\" type=\"button\">Ver m\u00e1s datos de transporte a\u00e9reo<\/button>\n      <div class=\"cg-sub-content\">\n        <ul>\n          <li><strong>Aeropuerto Internacional Dr. Fernando Piragine Niveyro<\/strong><br>Ruta 12 Km 1020, Corrientes<br>Tel: 0379 445-8684<\/li>\n          <li><strong>Aeropuerto Internacional Resistencia<\/strong><br>Ruta Nacional 11 Km 1003-5, Resistencia<br>Tel: 0362 444-6009<\/li>\n          <li><strong>Aeropuerto Internacional Silvio Pettirossi<\/strong><br>CC 1752, Asunci\u00f3n \u2013 Rep\u00fablica del Paraguay<br>Tel: 595 21 645 600<\/li>\n          <li><strong>Aerol\u00edneas Argentinas (Sucursal Corrientes)<\/strong><br>Jun\u00edn 1301<br>Tel: 0379 442-3918<\/li>\n          <li><strong>Flybondi Aerol\u00ednea<\/strong><br>Web: flybondi.com<\/li>\n        <\/ul>\n      <\/div>\n    <\/div>\n  <\/div>\n<\/div>\n\n\n\n<figure class=\"wp-block-image size-full is-resized\" id=\"informacion-util\"><img loading=\"lazy\" decoding=\"async\" width=\"1024\" height=\"13\" src=\"https:\/\/pantalla.ar\/turismo\/wp-content\/uploads\/2026\/03\/image-24.png\" alt=\"\" class=\"wp-image-1684\" style=\"width:1575px;height:auto\" srcset=\"https:\/\/pantalla.ar\/turismo\/wp-content\/uploads\/2026\/03\/image-24.png 1024w, https:\/\/pantalla.ar\/turismo\/wp-content\/uploads\/2026\/03\/image-24-300x4.png 300w, https:\/\/pantalla.ar\/turismo\/wp-content\/uploads\/2026\/03\/image-24-768x10.png 768w\" sizes=\"auto, (max-width: 1024px) 100vw, 1024px\" \/><\/figure>\n","protected":false},"excerpt":{"rendered":"<p>La ciudad de Corrientes, capital de la provincia, se encuentra ubicada en el nordeste de Argentina, a orillas del r\u00edo Paran\u00e1. Gracias a su posici\u00f3n estrat\u00e9gica dentro de la regi\u00f3n [&hellip;]<\/p>\n","protected":false},"author":1,"featured_media":0,"parent":0,"menu_order":0,"comment_status":"closed","ping_status":"closed","template":"","meta":{"_acf_changed":false,"footnotes":""},"class_list":["post-1323","page","type-page","status-publish","hentry"],"acf":[],"_links":{"self":[{"href":"https:\/\/pantalla.ar\/turismo\/wp-json\/wp\/v2\/pages\/1323","targetHints":{"allow":["GET"]}}],"collection":[{"href":"https:\/\/pantalla.ar\/turismo\/wp-json\/wp\/v2\/pages"}],"about":[{"href":"https:\/\/pantalla.ar\/turismo\/wp-json\/wp\/v2\/types\/page"}],"author":[{"embeddable":true,"href":"https:\/\/pantalla.ar\/turismo\/wp-json\/wp\/v2\/users\/1"}],"replies":[{"embeddable":true,"href":"https:\/\/pantalla.ar\/turismo\/wp-json\/wp\/v2\/comments?post=1323"}],"version-history":[{"count":54,"href":"https:\/\/pantalla.ar\/turismo\/wp-json\/wp\/v2\/pages\/1323\/revisions"}],"predecessor-version":[{"id":3372,"href":"https:\/\/pantalla.ar\/turismo\/wp-json\/wp\/v2\/pages\/1323\/revisions\/3372"}],"wp:attachment":[{"href":"https:\/\/pantalla.ar\/turismo\/wp-json\/wp\/v2\/media?parent=1323"}],"curies":[{"name":"wp","href":"https:\/\/api.w.org\/{rel}","templated":true}]}}