{"id":1159,"date":"2026-01-30T22:51:49","date_gmt":"2026-01-30T22:51:49","guid":{"rendered":"https:\/\/pantalla.ar\/turismo\/?page_id=1159"},"modified":"2026-04-13T11:34:52","modified_gmt":"2026-04-13T11:34:52","slug":"autoridades","status":"publish","type":"page","link":"https:\/\/pantalla.ar\/turismo\/autoridades\/","title":{"rendered":"Institucional"},"content":{"rendered":"\n<section class=\"institucional-section\"> \n  <div class=\"institucional-block\">\n    <div class=\"institucional-block-header\">\n      <h3>Autoridades<\/h3>\n    <\/div>\n\n    <div class=\"autoridades-list\">\n\n      <article class=\"autoridad-card autoridad-horizontal\">\n        <div class=\"autoridad-photo\">\n          <img decoding=\"async\" src=\"https:\/\/pantalla.ar\/turismo\/wp-content\/uploads\/2026\/03\/braillard-e1774784750158.png?text=Juan+Esteban+Braillard\" alt=\"Juan Esteban Braillard Poccard\">\n        <\/div>\n        <div class=\"autoridad-body\">\n          <span class=\"autoridad-role\">Ministro de Turismo<\/span>\n          <h4>Magister Juan Esteban Braillard Poccard<\/h4>\n          <ul>\n            <li><strong>Email:<\/strong> juanesteban@corrientes.tur.ar<\/li>\n            <li><strong>Direcci\u00f3n:<\/strong> Ministerio de Turismo, 25 de Mayo 1330, Corrientes Capital.<\/li>\n          <\/ul>\n        <\/div>\n      <\/article>      \n\n      <article class=\"autoridad-card autoridad-horizontal\">\n        <div class=\"autoridad-photo\">\n          <img decoding=\"async\" src=\"https:\/\/pantalla.ar\/turismo\/wp-content\/uploads\/2026\/04\/kito-davila.png?text=Hector+Oscar+Davila\" alt=\"Hector Oscar Davila\">\n        <\/div>\n        <div class=\"autoridad-body\">\n          <span class=\"autoridad-role\">Secretario de Gesti\u00f3n y Planificaci\u00f3n General<\/span>\n          <h4>Hector Oscar Davila<\/h4>\n          <ul>\n            <li><strong>Email:<\/strong> hectordavila@corrientes.tur.ar<\/li>\n            <li><strong>Direcci\u00f3n:<\/strong> Ministerio de Turismo, 25 de Mayo 1330, Corrientes Capital.<\/li>\n          <\/ul>\n        <\/div>\n      <\/article>\n\n      <article class=\"autoridad-card autoridad-horizontal\">\n        <div class=\"autoridad-photo\">\n          <img decoding=\"async\" src=\"https:\/\/pantalla.ar\/turismo\/wp-content\/uploads\/2026\/03\/macias-e1774784676524.png?text=Oscar+Macias\" alt=\"Oscar Mac\u00edas\">\n        <\/div>\n        <div class=\"autoridad-body\">\n          <span class=\"autoridad-role\">Subsecretario<\/span>\n          <h4>Oscar Mac\u00edas<\/h4>\n          <ul>\n            <li><strong>Email:<\/strong> oscarmacias@gmail.com<\/li>\n            <li><strong>Direcci\u00f3n:<\/strong> Subsecretar\u00eda de Promoci\u00f3n e Inversiones Tur\u00edsticas \/ Subsecretar\u00eda de Desarrollo Tur\u00edstico Regional y Coordinaci\u00f3n de Eventos, 25 de Mayo 1330, Corrientes Capital.<\/li>\n          <\/ul>\n        <\/div>\n      <\/article>\n\n    <\/div>\n  <\/div>\n\n  <!-- DEPARTAMENTOS -->\n  <div class=\"institucional-block\">\n    <div class=\"institucional-block-header\">\n      <h3>Departamentos<\/h3>\n    <\/div>\n\n    <div class=\"departamentos-grid\">\n\n      <article class=\"departamento-card\">\n        <h4>Promoci\u00f3n y Marketing<\/h4>\n        <ul>\n          <li><strong>Email:<\/strong> corrientespromocion@gmail.com<\/li>\n          <li><strong>Tel:<\/strong> +54 9 3795 13-5712<\/li>\n          <li><strong>Direcci\u00f3n:<\/strong> 25 de Mayo 1330, Corrientes Capital<\/li>\n        <\/ul>\n      <\/article>\n\n      <article class=\"departamento-card\">\n        <h4>Comunicaci\u00f3n<\/h4>\n        <ul>\n          <li><strong>Email:<\/strong> ministeriodeturismoctes@gmail.com<\/li>\n          <li><strong>Tel:<\/strong> +54 9 3795 04-1795<\/li>\n          <li><strong>Direcci\u00f3n:<\/strong> 25 de Mayo 1330, Corrientes Capital<\/li>\n        <\/ul>\n      <\/article>\n\n      <article class=\"departamento-card\">\n        <h4>Servicios Tur\u00edsticos<\/h4>\n        <ul>\n          <li><strong>Email:<\/strong> serviciosturisticosturismo@gmail.com<\/li>\n          <li><strong>Tel:<\/strong> +54 9 3795 59-0040<\/li>\n          <li><strong>Direcci\u00f3n:<\/strong> 25 de Mayo 1330, Corrientes Capital<\/li>\n        <\/ul>\n      <\/article>\n\n      <article class=\"departamento-card\">\n        <h4>Observatorio Tur\u00edstico<\/h4>\n        <ul>\n          <li><strong>Email:<\/strong> observatorioturisticoctes@gmail.com<\/li>\n          <li><strong>Tel:<\/strong> +54 9 3795 04-8484<\/li>\n          <li><strong>Direcci\u00f3n:<\/strong> 25 de Mayo 1330, Corrientes Capital<\/li>\n        <\/ul>\n      <\/article>\n\n      <article class=\"departamento-card\">\n        <h4>Desarrollo Tur\u00edstico<\/h4>\n        <ul>\n          <li><strong>Email:<\/strong> \u2014<\/li>\n          <li><strong>Tel:<\/strong> \u2014<\/li>\n          <li><strong>Direcci\u00f3n:<\/strong> 25 de Mayo 1330, Corrientes Capital<\/li>\n        <\/ul>\n      <\/article>\n\n      <article class=\"departamento-card\">\n        <h4>Inversiones Tur\u00edsticas<\/h4>\n        <ul>\n          <li><strong>Email:<\/strong> \u2014<\/li>\n          <li><strong>Tel:<\/strong> \u2014<\/li>\n          <li><strong>Direcci\u00f3n:<\/strong> 25 de Mayo 1330, Corrientes Capital<\/li>\n        <\/ul>\n      <\/article>\n\n    <\/div>\n  <\/div>\n\n<\/section>\n","protected":false},"excerpt":{"rendered":"<p>Autoridades Ministro de Turismo Magister Juan Esteban Braillard Poccard Email: juanesteban@corrientes.tur.ar Direcci\u00f3n: Ministerio de Turismo, 25 de Mayo 1330, Corrientes Capital. Secretario de Gesti\u00f3n y Planificaci\u00f3n General Hector Oscar Davila [&hellip;]<\/p>\n","protected":false},"author":1,"featured_media":0,"parent":0,"menu_order":0,"comment_status":"closed","ping_status":"closed","template":"","meta":{"_acf_changed":false,"footnotes":""},"class_list":["post-1159","page","type-page","status-publish","hentry"],"acf":[],"_links":{"self":[{"href":"https:\/\/pantalla.ar\/turismo\/wp-json\/wp\/v2\/pages\/1159","targetHints":{"allow":["GET"]}}],"collection":[{"href":"https:\/\/pantalla.ar\/turismo\/wp-json\/wp\/v2\/pages"}],"about":[{"href":"https:\/\/pantalla.ar\/turismo\/wp-json\/wp\/v2\/types\/page"}],"author":[{"embeddable":true,"href":"https:\/\/pantalla.ar\/turismo\/wp-json\/wp\/v2\/users\/1"}],"replies":[{"embeddable":true,"href":"https:\/\/pantalla.ar\/turismo\/wp-json\/wp\/v2\/comments?post=1159"}],"version-history":[{"count":15,"href":"https:\/\/pantalla.ar\/turismo\/wp-json\/wp\/v2\/pages\/1159\/revisions"}],"predecessor-version":[{"id":2837,"href":"https:\/\/pantalla.ar\/turismo\/wp-json\/wp\/v2\/pages\/1159\/revisions\/2837"}],"wp:attachment":[{"href":"https:\/\/pantalla.ar\/turismo\/wp-json\/wp\/v2\/media?parent=1159"}],"curies":[{"name":"wp","href":"https:\/\/api.w.org\/{rel}","templated":true}]}}